{"id":351,"date":"2015-12-11T12:03:44","date_gmt":"2015-12-11T12:03:44","guid":{"rendered":"https:\/\/www.landac.com\/de\/la-firma\/"},"modified":"2021-09-06T11:30:03","modified_gmt":"2021-09-06T11:30:03","slug":"inicio","status":"publish","type":"page","link":"https:\/\/www.landac.com\/de\/","title":{"rendered":"Startseite"},"content":{"rendered":"<p>En <strong>Lawyers &amp; Accountants<\/strong> (Landac) Asesor\u00eda Internacional, prestamos servicios profesionales dirigidos principalmente a empresas nacionales y extranjeras, poniendo a su disposici\u00f3n una infraestructura t\u00e9cnica y de personal altamente cualificado con m\u00e1s de 20 a\u00f1os de experiencia.<br \/>\nTanto empresas nacionales como internacionales encuentran en nuestra asesor\u00eda, el mejor apoyo y los mejores servicios para administrar y gestionar sus proyectos. Optimice la gesti\u00f3n de su empresa de la mano de los mejores profesionales.<br \/>\nEl trabajo en equipo, la responsabilidad, la \u00e9tica profesional y la formaci\u00f3n permanente, as\u00ed como el uso de las t\u00e9cnicas y herramientas m\u00e1s avanzadas de gesti\u00f3n empresarial, aseguran la excelencia de nuestro trabajo.<\/p>\n","protected":false},"excerpt":{"rendered":"<p>En Lawyers &amp; Accountants (Landac) Asesor\u00eda Internacional, prestamos servicios profesionales dirigidos principalmente a empresas nacionales y extranjeras, poniendo a su disposici\u00f3n una infraestructura t\u00e9cnica y de personal altamente cualificado con m\u00e1s de 20 a\u00f1os de experiencia. Tanto empresas nacionales como internacionales encuentran en nuestra asesor\u00eda, el mejor apoyo y los mejores servicios para administrar y [&hellip;]<\/p>\n","protected":false},"author":1,"featured_media":0,"parent":0,"menu_order":0,"comment_status":"closed","ping_status":"closed","template":"","meta":{"_acf_changed":false,"footnotes":""},"acf":[],"yoast_head":"<!-- This site is optimized with the Yoast SEO plugin v23.5 - https:\/\/yoast.com\/wordpress\/plugins\/seo\/ -->\n<title>Asesor\u00eda Internacional Madrid | Lawyers &amp; Accountants<\/title>\n<meta name=\"description\" content=\"Somos una Asesor\u00eda Internacional formada por expertos con m\u00e1s de 20 a\u00f1os de experiencia trabajando para empresas en las \u00e1reas fiscal contable y laboral.\" \/>\n<meta name=\"robots\" content=\"index, follow, max-snippet:-1, max-image-preview:large, max-video-preview:-1\" \/>\n<link rel=\"canonical\" href=\"https:\/\/www.landac.com\/de\/\" \/>\n<meta property=\"og:locale\" content=\"de_DE\" \/>\n<meta property=\"og:type\" content=\"article\" \/>\n<meta property=\"og:title\" content=\"Asesor\u00eda Internacional Madrid | Lawyers &amp; Accountants\" \/>\n<meta property=\"og:description\" content=\"Somos una Asesor\u00eda Internacional formada por expertos con m\u00e1s de 20 a\u00f1os de experiencia trabajando para empresas en las \u00e1reas fiscal contable y laboral.\" \/>\n<meta property=\"og:url\" content=\"https:\/\/www.landac.com\/de\/\" \/>\n<meta property=\"og:site_name\" content=\"Lawyers &amp; Accountants\" \/>\n<meta property=\"article:publisher\" content=\"https:\/\/www.facebook.com\/LawyersandAccountants\" \/>\n<meta property=\"article:modified_time\" content=\"2021-09-06T11:30:03+00:00\" \/>\n<meta property=\"og:image\" content=\"https:\/\/www.landac.com\/wp-content\/uploads\/2020\/09\/asesoria-internacional-lawyers-and-accountants-madrid.jpg\" \/>\n\t<meta property=\"og:image:width\" content=\"1280\" \/>\n\t<meta property=\"og:image:height\" content=\"720\" \/>\n\t<meta property=\"og:image:type\" content=\"image\/jpeg\" \/>\n<meta name=\"twitter:card\" content=\"summary_large_image\" \/>\n<meta name=\"twitter:site\" content=\"@Landac_asesoria\" \/>\n<meta name=\"twitter:label1\" content=\"Gesch\u00e4tzte Lesezeit\" \/>\n\t<meta name=\"twitter:data1\" content=\"1\u00a0Minute\" \/>\n<script type=\"application\/ld+json\" class=\"yoast-schema-graph\">{\"@context\":\"https:\/\/schema.org\",\"@graph\":[{\"@type\":\"WebPage\",\"@id\":\"https:\/\/www.landac.com\/de\/\",\"url\":\"https:\/\/www.landac.com\/de\/\",\"name\":\"Asesor\u00eda Internacional Madrid | Lawyers &amp; Accountants\",\"isPartOf\":{\"@id\":\"https:\/\/www.landac.com\/#website\"},\"datePublished\":\"2015-12-11T12:03:44+00:00\",\"dateModified\":\"2021-09-06T11:30:03+00:00\",\"description\":\"Somos una Asesor\u00eda Internacional formada por expertos con m\u00e1s de 20 a\u00f1os de experiencia trabajando para empresas en las \u00e1reas fiscal contable y laboral.\",\"breadcrumb\":{\"@id\":\"https:\/\/www.landac.com\/de\/#breadcrumb\"},\"inLanguage\":\"de\",\"potentialAction\":[{\"@type\":\"ReadAction\",\"target\":[\"https:\/\/www.landac.com\/de\/\"]}]},{\"@type\":\"BreadcrumbList\",\"@id\":\"https:\/\/www.landac.com\/de\/#breadcrumb\",\"itemListElement\":[{\"@type\":\"ListItem\",\"position\":1,\"name\":\"Inicio\",\"item\":\"https:\/\/www.landac.com\/de\/\"},{\"@type\":\"ListItem\",\"position\":2,\"name\":\"Startseite\"}]},{\"@type\":\"WebSite\",\"@id\":\"https:\/\/www.landac.com\/#website\",\"url\":\"https:\/\/www.landac.com\/\",\"name\":\"Lawyers &amp; Accountants\",\"description\":\"Asesor\u00eda International, Business Solution.\",\"publisher\":{\"@id\":\"https:\/\/www.landac.com\/#organization\"},\"alternateName\":\"Lawyers and Accountants, asesor\u00eda internacional\",\"potentialAction\":[{\"@type\":\"SearchAction\",\"target\":{\"@type\":\"EntryPoint\",\"urlTemplate\":\"https:\/\/www.landac.com\/?s={search_term_string}\"},\"query-input\":{\"@type\":\"PropertyValueSpecification\",\"valueRequired\":true,\"valueName\":\"search_term_string\"}}],\"inLanguage\":\"de\"},{\"@type\":\"Organization\",\"@id\":\"https:\/\/www.landac.com\/#organization\",\"name\":\"Lawyers & Accountants\",\"alternateName\":\"Lawyers & Accountants\",\"url\":\"https:\/\/www.landac.com\/\",\"logo\":{\"@type\":\"ImageObject\",\"inLanguage\":\"de\",\"@id\":\"https:\/\/www.landac.com\/#\/schema\/logo\/image\/\",\"url\":\"https:\/\/www.landac.com\/wp-content\/uploads\/2020\/06\/gestoria-lowyers-and-accountants.jpg\",\"contentUrl\":\"https:\/\/www.landac.com\/wp-content\/uploads\/2020\/06\/gestoria-lowyers-and-accountants.jpg\",\"width\":992,\"height\":237,\"caption\":\"Lawyers & Accountants\"},\"image\":{\"@id\":\"https:\/\/www.landac.com\/#\/schema\/logo\/image\/\"},\"sameAs\":[\"https:\/\/www.facebook.com\/LawyersandAccountants\",\"https:\/\/x.com\/Landac_asesoria\",\"https:\/\/www.linkedin.com\/company\/lawyers-&amp;-accountants-asesor\u00eda-internacional\",\"https:\/\/www.youtube.com\/channel\/UC1otoKuvs5moN1C4XnzLLGg\"]}]}<\/script>\n<!-- \/ Yoast SEO plugin. -->","yoast_head_json":{"title":"Asesor\u00eda Internacional Madrid | Lawyers &amp; Accountants","description":"Somos una Asesor\u00eda Internacional formada por expertos con m\u00e1s de 20 a\u00f1os de experiencia trabajando para empresas en las \u00e1reas fiscal contable y laboral.","robots":{"index":"index","follow":"follow","max-snippet":"max-snippet:-1","max-image-preview":"max-image-preview:large","max-video-preview":"max-video-preview:-1"},"canonical":"https:\/\/www.landac.com\/de\/","og_locale":"de_DE","og_type":"article","og_title":"Asesor\u00eda Internacional Madrid | Lawyers &amp; Accountants","og_description":"Somos una Asesor\u00eda Internacional formada por expertos con m\u00e1s de 20 a\u00f1os de experiencia trabajando para empresas en las \u00e1reas fiscal contable y laboral.","og_url":"https:\/\/www.landac.com\/de\/","og_site_name":"Lawyers &amp; Accountants","article_publisher":"https:\/\/www.facebook.com\/LawyersandAccountants","article_modified_time":"2021-09-06T11:30:03+00:00","og_image":[{"width":1280,"height":720,"url":"https:\/\/www.landac.com\/wp-content\/uploads\/2020\/09\/asesoria-internacional-lawyers-and-accountants-madrid.jpg","type":"image\/jpeg"}],"twitter_card":"summary_large_image","twitter_site":"@Landac_asesoria","twitter_misc":{"Gesch\u00e4tzte Lesezeit":"1\u00a0Minute"},"schema":{"@context":"https:\/\/schema.org","@graph":[{"@type":"WebPage","@id":"https:\/\/www.landac.com\/de\/","url":"https:\/\/www.landac.com\/de\/","name":"Asesor\u00eda Internacional Madrid | Lawyers &amp; Accountants","isPartOf":{"@id":"https:\/\/www.landac.com\/#website"},"datePublished":"2015-12-11T12:03:44+00:00","dateModified":"2021-09-06T11:30:03+00:00","description":"Somos una Asesor\u00eda Internacional formada por expertos con m\u00e1s de 20 a\u00f1os de experiencia trabajando para empresas en las \u00e1reas fiscal contable y laboral.","breadcrumb":{"@id":"https:\/\/www.landac.com\/de\/#breadcrumb"},"inLanguage":"de","potentialAction":[{"@type":"ReadAction","target":["https:\/\/www.landac.com\/de\/"]}]},{"@type":"BreadcrumbList","@id":"https:\/\/www.landac.com\/de\/#breadcrumb","itemListElement":[{"@type":"ListItem","position":1,"name":"Inicio","item":"https:\/\/www.landac.com\/de\/"},{"@type":"ListItem","position":2,"name":"Startseite"}]},{"@type":"WebSite","@id":"https:\/\/www.landac.com\/#website","url":"https:\/\/www.landac.com\/","name":"Lawyers &amp; Accountants","description":"Asesor\u00eda International, Business Solution.","publisher":{"@id":"https:\/\/www.landac.com\/#organization"},"alternateName":"Lawyers and Accountants, asesor\u00eda internacional","potentialAction":[{"@type":"SearchAction","target":{"@type":"EntryPoint","urlTemplate":"https:\/\/www.landac.com\/?s={search_term_string}"},"query-input":{"@type":"PropertyValueSpecification","valueRequired":true,"valueName":"search_term_string"}}],"inLanguage":"de"},{"@type":"Organization","@id":"https:\/\/www.landac.com\/#organization","name":"Lawyers & Accountants","alternateName":"Lawyers & Accountants","url":"https:\/\/www.landac.com\/","logo":{"@type":"ImageObject","inLanguage":"de","@id":"https:\/\/www.landac.com\/#\/schema\/logo\/image\/","url":"https:\/\/www.landac.com\/wp-content\/uploads\/2020\/06\/gestoria-lowyers-and-accountants.jpg","contentUrl":"https:\/\/www.landac.com\/wp-content\/uploads\/2020\/06\/gestoria-lowyers-and-accountants.jpg","width":992,"height":237,"caption":"Lawyers & Accountants"},"image":{"@id":"https:\/\/www.landac.com\/#\/schema\/logo\/image\/"},"sameAs":["https:\/\/www.facebook.com\/LawyersandAccountants","https:\/\/x.com\/Landac_asesoria","https:\/\/www.linkedin.com\/company\/lawyers-&amp;-accountants-asesor\u00eda-internacional","https:\/\/www.youtube.com\/channel\/UC1otoKuvs5moN1C4XnzLLGg"]}]}},"_links":{"self":[{"href":"https:\/\/www.landac.com\/de\/wp-json\/wp\/v2\/pages\/351"}],"collection":[{"href":"https:\/\/www.landac.com\/de\/wp-json\/wp\/v2\/pages"}],"about":[{"href":"https:\/\/www.landac.com\/de\/wp-json\/wp\/v2\/types\/page"}],"author":[{"embeddable":true,"href":"https:\/\/www.landac.com\/de\/wp-json\/wp\/v2\/users\/1"}],"replies":[{"embeddable":true,"href":"https:\/\/www.landac.com\/de\/wp-json\/wp\/v2\/comments?post=351"}],"version-history":[{"count":30,"href":"https:\/\/www.landac.com\/de\/wp-json\/wp\/v2\/pages\/351\/revisions"}],"predecessor-version":[{"id":5319,"href":"https:\/\/www.landac.com\/de\/wp-json\/wp\/v2\/pages\/351\/revisions\/5319"}],"wp:attachment":[{"href":"https:\/\/www.landac.com\/de\/wp-json\/wp\/v2\/media?parent=351"}],"curies":[{"name":"wp","href":"https:\/\/api.w.org\/{rel}","templated":true}]}}