{"id":6228,"date":"2021-12-23T14:32:11","date_gmt":"2021-12-23T14:32:11","guid":{"rendered":"https:\/\/www.landac.com\/?page_id=6228"},"modified":"2021-12-23T14:32:12","modified_gmt":"2021-12-23T14:32:12","slug":"auslaendische-investitionen","status":"publish","type":"page","link":"https:\/\/www.landac.com\/de\/auslaendische-investitionen\/","title":{"rendered":"Ausl\u00e4ndische Investitionen"},"content":{"rendered":"","protected":false},"excerpt":{"rendered":"","protected":false},"author":5,"featured_media":6223,"parent":0,"menu_order":0,"comment_status":"closed","ping_status":"closed","template":"","meta":{"_acf_changed":false,"footnotes":""},"acf":[],"yoast_head":"<!-- This site is optimized with the Yoast SEO plugin v23.5 - https:\/\/yoast.com\/wordpress\/plugins\/seo\/ -->\n<title>Ausl\u00e4ndische Investitionen | Lawyers &amp; Accountants<\/title>\n<meta name=\"description\" content=\"Beratung f\u00fcr ausl\u00e4ndische Unternehmen in Spanien, Verfahren und Einhaltung von Vorschriften. Anw\u00e4lte und Wirtschaftspr\u00fcfer erleichtern den gesamten Prozess.\" \/>\n<meta name=\"robots\" content=\"index, follow, max-snippet:-1, max-image-preview:large, max-video-preview:-1\" \/>\n<link rel=\"canonical\" href=\"https:\/\/www.landac.com\/de\/auslaendische-investitionen\/\" \/>\n<meta property=\"og:locale\" content=\"de_DE\" \/>\n<meta property=\"og:type\" content=\"article\" \/>\n<meta property=\"og:title\" content=\"Ausl\u00e4ndische Investitionen | Lawyers &amp; Accountants\" \/>\n<meta property=\"og:description\" content=\"Beratung f\u00fcr ausl\u00e4ndische Unternehmen in Spanien, Verfahren und Einhaltung von Vorschriften. Anw\u00e4lte und Wirtschaftspr\u00fcfer erleichtern den gesamten Prozess.\" \/>\n<meta property=\"og:url\" content=\"https:\/\/www.landac.com\/de\/auslaendische-investitionen\/\" \/>\n<meta property=\"og:site_name\" content=\"Lawyers &amp; Accountants\" \/>\n<meta property=\"article:publisher\" content=\"https:\/\/www.facebook.com\/LawyersandAccountants\" \/>\n<meta property=\"article:modified_time\" content=\"2021-12-23T14:32:12+00:00\" \/>\n<meta property=\"og:image\" content=\"https:\/\/www.landac.com\/wp-content\/uploads\/2021\/12\/investissement-etranger-en-espagne.jpg\" \/>\n\t<meta property=\"og:image:width\" content=\"2048\" \/>\n\t<meta property=\"og:image:height\" content=\"640\" \/>\n\t<meta property=\"og:image:type\" content=\"image\/jpeg\" \/>\n<meta name=\"twitter:card\" content=\"summary_large_image\" \/>\n<meta name=\"twitter:site\" content=\"@Landac_asesoria\" \/>\n<script type=\"application\/ld+json\" class=\"yoast-schema-graph\">{\"@context\":\"https:\/\/schema.org\",\"@graph\":[{\"@type\":\"WebPage\",\"@id\":\"https:\/\/www.landac.com\/de\/auslaendische-investitionen\/\",\"url\":\"https:\/\/www.landac.com\/de\/auslaendische-investitionen\/\",\"name\":\"Ausl\u00e4ndische Investitionen | Lawyers &amp; Accountants\",\"isPartOf\":{\"@id\":\"https:\/\/www.landac.com\/#website\"},\"primaryImageOfPage\":{\"@id\":\"https:\/\/www.landac.com\/de\/auslaendische-investitionen\/#primaryimage\"},\"image\":{\"@id\":\"https:\/\/www.landac.com\/de\/auslaendische-investitionen\/#primaryimage\"},\"thumbnailUrl\":\"https:\/\/www.landac.com\/wp-content\/uploads\/2021\/12\/investissement-etranger-en-espagne.jpg\",\"datePublished\":\"2021-12-23T14:32:11+00:00\",\"dateModified\":\"2021-12-23T14:32:12+00:00\",\"description\":\"Beratung f\u00fcr ausl\u00e4ndische Unternehmen in Spanien, Verfahren und Einhaltung von Vorschriften. Anw\u00e4lte und Wirtschaftspr\u00fcfer erleichtern den gesamten Prozess.\",\"breadcrumb\":{\"@id\":\"https:\/\/www.landac.com\/de\/auslaendische-investitionen\/#breadcrumb\"},\"inLanguage\":\"de\",\"potentialAction\":[{\"@type\":\"ReadAction\",\"target\":[\"https:\/\/www.landac.com\/de\/auslaendische-investitionen\/\"]}]},{\"@type\":\"ImageObject\",\"inLanguage\":\"de\",\"@id\":\"https:\/\/www.landac.com\/de\/auslaendische-investitionen\/#primaryimage\",\"url\":\"https:\/\/www.landac.com\/wp-content\/uploads\/2021\/12\/investissement-etranger-en-espagne.jpg\",\"contentUrl\":\"https:\/\/www.landac.com\/wp-content\/uploads\/2021\/12\/investissement-etranger-en-espagne.jpg\",\"width\":2048,\"height\":640,\"caption\":\"investissement \u00e9tranger en Madrid, Espagne\"},{\"@type\":\"BreadcrumbList\",\"@id\":\"https:\/\/www.landac.com\/de\/auslaendische-investitionen\/#breadcrumb\",\"itemListElement\":[{\"@type\":\"ListItem\",\"position\":1,\"name\":\"Inicio\",\"item\":\"https:\/\/www.landac.com\/de\/\"},{\"@type\":\"ListItem\",\"position\":2,\"name\":\"Ausl\u00e4ndische Investitionen\"}]},{\"@type\":\"WebSite\",\"@id\":\"https:\/\/www.landac.com\/#website\",\"url\":\"https:\/\/www.landac.com\/\",\"name\":\"Lawyers &amp; Accountants\",\"description\":\"Asesor\u00eda International, Business Solution.\",\"publisher\":{\"@id\":\"https:\/\/www.landac.com\/#organization\"},\"alternateName\":\"Lawyers and Accountants, asesor\u00eda internacional\",\"potentialAction\":[{\"@type\":\"SearchAction\",\"target\":{\"@type\":\"EntryPoint\",\"urlTemplate\":\"https:\/\/www.landac.com\/?s={search_term_string}\"},\"query-input\":{\"@type\":\"PropertyValueSpecification\",\"valueRequired\":true,\"valueName\":\"search_term_string\"}}],\"inLanguage\":\"de\"},{\"@type\":\"Organization\",\"@id\":\"https:\/\/www.landac.com\/#organization\",\"name\":\"Lawyers & Accountants\",\"alternateName\":\"Lawyers & Accountants\",\"url\":\"https:\/\/www.landac.com\/\",\"logo\":{\"@type\":\"ImageObject\",\"inLanguage\":\"de\",\"@id\":\"https:\/\/www.landac.com\/#\/schema\/logo\/image\/\",\"url\":\"https:\/\/www.landac.com\/wp-content\/uploads\/2020\/06\/gestoria-lowyers-and-accountants.jpg\",\"contentUrl\":\"https:\/\/www.landac.com\/wp-content\/uploads\/2020\/06\/gestoria-lowyers-and-accountants.jpg\",\"width\":992,\"height\":237,\"caption\":\"Lawyers & Accountants\"},\"image\":{\"@id\":\"https:\/\/www.landac.com\/#\/schema\/logo\/image\/\"},\"sameAs\":[\"https:\/\/www.facebook.com\/LawyersandAccountants\",\"https:\/\/x.com\/Landac_asesoria\",\"https:\/\/www.linkedin.com\/company\/lawyers-&amp;-accountants-asesor\u00eda-internacional\",\"https:\/\/www.youtube.com\/channel\/UC1otoKuvs5moN1C4XnzLLGg\"]}]}<\/script>\n<!-- \/ Yoast SEO plugin. -->","yoast_head_json":{"title":"Ausl\u00e4ndische Investitionen | Lawyers &amp; Accountants","description":"Beratung f\u00fcr ausl\u00e4ndische Unternehmen in Spanien, Verfahren und Einhaltung von Vorschriften. Anw\u00e4lte und Wirtschaftspr\u00fcfer erleichtern den gesamten Prozess.","robots":{"index":"index","follow":"follow","max-snippet":"max-snippet:-1","max-image-preview":"max-image-preview:large","max-video-preview":"max-video-preview:-1"},"canonical":"https:\/\/www.landac.com\/de\/auslaendische-investitionen\/","og_locale":"de_DE","og_type":"article","og_title":"Ausl\u00e4ndische Investitionen | Lawyers &amp; Accountants","og_description":"Beratung f\u00fcr ausl\u00e4ndische Unternehmen in Spanien, Verfahren und Einhaltung von Vorschriften. Anw\u00e4lte und Wirtschaftspr\u00fcfer erleichtern den gesamten Prozess.","og_url":"https:\/\/www.landac.com\/de\/auslaendische-investitionen\/","og_site_name":"Lawyers &amp; Accountants","article_publisher":"https:\/\/www.facebook.com\/LawyersandAccountants","article_modified_time":"2021-12-23T14:32:12+00:00","og_image":[{"width":2048,"height":640,"url":"https:\/\/www.landac.com\/wp-content\/uploads\/2021\/12\/investissement-etranger-en-espagne.jpg","type":"image\/jpeg"}],"twitter_card":"summary_large_image","twitter_site":"@Landac_asesoria","schema":{"@context":"https:\/\/schema.org","@graph":[{"@type":"WebPage","@id":"https:\/\/www.landac.com\/de\/auslaendische-investitionen\/","url":"https:\/\/www.landac.com\/de\/auslaendische-investitionen\/","name":"Ausl\u00e4ndische Investitionen | Lawyers &amp; Accountants","isPartOf":{"@id":"https:\/\/www.landac.com\/#website"},"primaryImageOfPage":{"@id":"https:\/\/www.landac.com\/de\/auslaendische-investitionen\/#primaryimage"},"image":{"@id":"https:\/\/www.landac.com\/de\/auslaendische-investitionen\/#primaryimage"},"thumbnailUrl":"https:\/\/www.landac.com\/wp-content\/uploads\/2021\/12\/investissement-etranger-en-espagne.jpg","datePublished":"2021-12-23T14:32:11+00:00","dateModified":"2021-12-23T14:32:12+00:00","description":"Beratung f\u00fcr ausl\u00e4ndische Unternehmen in Spanien, Verfahren und Einhaltung von Vorschriften. Anw\u00e4lte und Wirtschaftspr\u00fcfer erleichtern den gesamten Prozess.","breadcrumb":{"@id":"https:\/\/www.landac.com\/de\/auslaendische-investitionen\/#breadcrumb"},"inLanguage":"de","potentialAction":[{"@type":"ReadAction","target":["https:\/\/www.landac.com\/de\/auslaendische-investitionen\/"]}]},{"@type":"ImageObject","inLanguage":"de","@id":"https:\/\/www.landac.com\/de\/auslaendische-investitionen\/#primaryimage","url":"https:\/\/www.landac.com\/wp-content\/uploads\/2021\/12\/investissement-etranger-en-espagne.jpg","contentUrl":"https:\/\/www.landac.com\/wp-content\/uploads\/2021\/12\/investissement-etranger-en-espagne.jpg","width":2048,"height":640,"caption":"investissement \u00e9tranger en Madrid, Espagne"},{"@type":"BreadcrumbList","@id":"https:\/\/www.landac.com\/de\/auslaendische-investitionen\/#breadcrumb","itemListElement":[{"@type":"ListItem","position":1,"name":"Inicio","item":"https:\/\/www.landac.com\/de\/"},{"@type":"ListItem","position":2,"name":"Ausl\u00e4ndische Investitionen"}]},{"@type":"WebSite","@id":"https:\/\/www.landac.com\/#website","url":"https:\/\/www.landac.com\/","name":"Lawyers &amp; Accountants","description":"Asesor\u00eda International, Business Solution.","publisher":{"@id":"https:\/\/www.landac.com\/#organization"},"alternateName":"Lawyers and Accountants, asesor\u00eda internacional","potentialAction":[{"@type":"SearchAction","target":{"@type":"EntryPoint","urlTemplate":"https:\/\/www.landac.com\/?s={search_term_string}"},"query-input":{"@type":"PropertyValueSpecification","valueRequired":true,"valueName":"search_term_string"}}],"inLanguage":"de"},{"@type":"Organization","@id":"https:\/\/www.landac.com\/#organization","name":"Lawyers & Accountants","alternateName":"Lawyers & Accountants","url":"https:\/\/www.landac.com\/","logo":{"@type":"ImageObject","inLanguage":"de","@id":"https:\/\/www.landac.com\/#\/schema\/logo\/image\/","url":"https:\/\/www.landac.com\/wp-content\/uploads\/2020\/06\/gestoria-lowyers-and-accountants.jpg","contentUrl":"https:\/\/www.landac.com\/wp-content\/uploads\/2020\/06\/gestoria-lowyers-and-accountants.jpg","width":992,"height":237,"caption":"Lawyers & Accountants"},"image":{"@id":"https:\/\/www.landac.com\/#\/schema\/logo\/image\/"},"sameAs":["https:\/\/www.facebook.com\/LawyersandAccountants","https:\/\/x.com\/Landac_asesoria","https:\/\/www.linkedin.com\/company\/lawyers-&amp;-accountants-asesor\u00eda-internacional","https:\/\/www.youtube.com\/channel\/UC1otoKuvs5moN1C4XnzLLGg"]}]}},"_links":{"self":[{"href":"https:\/\/www.landac.com\/de\/wp-json\/wp\/v2\/pages\/6228"}],"collection":[{"href":"https:\/\/www.landac.com\/de\/wp-json\/wp\/v2\/pages"}],"about":[{"href":"https:\/\/www.landac.com\/de\/wp-json\/wp\/v2\/types\/page"}],"author":[{"embeddable":true,"href":"https:\/\/www.landac.com\/de\/wp-json\/wp\/v2\/users\/5"}],"replies":[{"embeddable":true,"href":"https:\/\/www.landac.com\/de\/wp-json\/wp\/v2\/comments?post=6228"}],"version-history":[{"count":2,"href":"https:\/\/www.landac.com\/de\/wp-json\/wp\/v2\/pages\/6228\/revisions"}],"predecessor-version":[{"id":6230,"href":"https:\/\/www.landac.com\/de\/wp-json\/wp\/v2\/pages\/6228\/revisions\/6230"}],"wp:featuredmedia":[{"embeddable":true,"href":"https:\/\/www.landac.com\/de\/wp-json\/wp\/v2\/media\/6223"}],"wp:attachment":[{"href":"https:\/\/www.landac.com\/de\/wp-json\/wp\/v2\/media?parent=6228"}],"curies":[{"name":"wp","href":"https:\/\/api.w.org\/{rel}","templated":true}]}}