{"id":2116,"date":"2015-12-14T10:34:37","date_gmt":"2015-12-14T10:34:37","guid":{"rendered":"https:\/\/www.landac.com\/aviso-de-privacidad\/"},"modified":"2020-12-03T10:44:49","modified_gmt":"2020-12-03T10:44:49","slug":"privacy-policy-lawyers-and-accountants","status":"publish","type":"page","link":"https:\/\/www.landac.com\/en\/privacy-policy-lawyers-and-accountants\/","title":{"rendered":"Privacy Policy | Lawyers and Accountants"},"content":{"rendered":"<h2><strong>PRIVACY POLICY<\/strong><\/h2>\n<p>In accordance with the provisions of Organic Law 15\/1999, of 13 December, on the Protection of Personal Data (LOPD), Royal Decree 1720\/2007, of 21 December, which approves the Regulations for the development of the LOPD (RLOPD), and Law 34\/2002, of 11 July, on Information Society Services and Electronic Commerce (LSSICE), it is reported that LAWYERS &amp; ACCOUNTANTS (hereinafter, LANDAC), maintains a commitment to strict compliance with current Spanish legislation on the processing of personal data and information security in order to guarantee its users that the collection and processing of the data provided are carried out with full guarantees of security. Before contacting LANDAC and providing some character data you should read this \u2018Policy Private\u2019 and accept it by checking the box set out on the respective LANDAC registration forms or by the equivalent established procedure, in each case. Our Policy Private affects both the personal information you provide, as well as all the data you give us when accessing any of the services available on the website.<\/p>\n<h2><strong>Personal Data Protection<\/strong><\/h2>\n<p>LANDAC informs its users about their personal data privacy policy in order for them to freely and voluntarily determine if they would like to provide LANDAC the personal data that might be required or that might be obtained &nbsp;on the occasion of the services and functionalities that we make available to you.<\/p>\n<p>As owner of the domain \u201c<a href=\"http:\/\/www.landac.com\">www.landac.com<\/a>\u201d, LANDAC informs the users of its Website the following:<\/p>\n<p>The personal data that might be required and that are provided by you through this website will be included in the files owned by LANDAC, duly registered in the General &nbsp;&nbsp;Data Protection Register of the Spanish Data Protection Agency. In this sense, LANDAC informs that in the \u201cContact\u201d section their web request the following data: (name and email), in order to identify de Website users, and handling queries, concerns or requests for information about the services that the firm put at the public disposal. In the \u201cWork with us\u201d section, the human resources department e-mail is so that tose interested in joining the company can send their CV, whose data will be processed by the human resources department for future selection processes that fit their profile.<\/p>\n<p>LANDAC, will not pass on personal data to third parties, unless it is necessary for the provision of the service requested by the user, and will maintain the maximum confidentiality of the provided information. The registered users explicitly and unequivocally authorise LANDAC to send, by traditional and electronic means, information about products and services offered by or through \u201c<a href=\"http:\/\/www.landac.com\">www.landac.com<\/a>\u201d&nbsp; related to their purposes. Likewise, in compliance with the LSSICE, in the cases of sending commercial communications via email, LANDAC will include an email address (<a href=\"mailto:info@landac.com\">info@landac.com<\/a>) where the user will be able to exercise at any time, their right of opposition, to unsubscribe at any time, and consequently not receive any kind of information.<\/p>\n<p>LANDAC takes care to guarantee the security and confidentiality of your data. Therefore, we inform you that we have adopted the legally required our personal data protection security levels, as well as the security measures and the technical means necessary to prevent its loss, misuse or access without your authorisation. However, the user must be aware that he internet security measures are not insurmountable. Some services provided on the website (<a href=\"http:\/\/www.landac.com\">www.landac.com<\/a>) may contain special conditions with specific provisions on the protection of personal data.<\/p>\n<p>The users of the website owned by LANDAC may exercise at any moment the access, rectification, cancelation and opposition rights, (A.R.C.O) by means of a communication addressed under the terms of the article 25.1 of RLOPD, to LANDAC, with address at Paseo de la Castellana 90 1\u00ba. Postal Code 28046, Madrid (Spain), or by sending an e-mail to <a href=\"mailto:info@landac.com\">info@landac.com<\/a> Ref. Protection of personal data.<\/p>\n<h2><strong>Use of Cookies<\/strong><\/h2>\n<p>A cookie is a text file that a web server can save in the hard drive of a computer to store information about the user, and it can only be read by the website which has sent it to the computer, as well as, any data storage and retrieval device on the recipient\u2019s terminal equipment. LANDAC uses cookies to access to the information related to the users of the website, which detail and information can be found clearly and completely defined in our Cookie Policy, in compliance with what is established in the article 22.2 of the LSSICE, as amended by Royal Decree-Law 13\/2010 of 30 March, which transposes into Spanish &nbsp;law Directive 2002\/58\/CE concerning the processing of personal data and the protection of privacy in the electronic communications sector.<\/p>\n<h2><strong>Links<br \/>\n<\/strong><\/h2>\n<p>This privacy policy can be only applied to the website (<a href=\"http:\/\/www.landac.com\">www.landac.com<\/a>). It is not guaranteed in the accesses through links with this site, nor to the links from this site to other webs.<\/p>\n<h2><strong>Modification<\/strong><\/h2>\n<p>LANDAC could be able to modify the present privacy policy in order to adapt it to the new legislative or jurisprudential developments as well as to the future good practises. In such cases, LANDAC will announce in this site the introduced changes in reasonable anticipation before its implementation and will inform the users about the actualisations or modifications of the current privacy policy. Published date: May 20th, 2016.<\/p>\n","protected":false},"excerpt":{"rendered":"<p>PRIVACY POLICY In accordance with the provisions of Organic Law 15\/1999, of 13 December, on the Protection of Personal Data (LOPD), Royal Decree 1720\/2007, of 21 December, which approves the Regulations for the development of the LOPD (RLOPD), and Law 34\/2002, of 11 July, on Information Society Services and Electronic Commerce (LSSICE), it is reported [&hellip;]<\/p>\n","protected":false},"author":1,"featured_media":0,"parent":0,"menu_order":0,"comment_status":"closed","ping_status":"closed","template":"page-legal.php","meta":{"_acf_changed":false,"footnotes":""},"acf":[],"yoast_head":"<!-- This site is optimized with the Yoast SEO plugin v23.5 - https:\/\/yoast.com\/wordpress\/plugins\/seo\/ -->\n<title>Privacy Policy | Lawyers and Accountants Madrid<\/title>\n<meta name=\"description\" content=\"Privacy policy. Your privacy is important to us. This Privacy Policy explains how we handle and treat your data when you register or visit our site www.landac.com\" \/>\n<meta name=\"robots\" content=\"index, follow, max-snippet:-1, max-image-preview:large, max-video-preview:-1\" \/>\n<link rel=\"canonical\" href=\"https:\/\/www.landac.com\/en\/privacy-policy-lawyers-and-accountants\/\" \/>\n<meta property=\"og:locale\" content=\"en_US\" \/>\n<meta property=\"og:type\" content=\"article\" \/>\n<meta property=\"og:title\" content=\"Privacy Policy | Lawyers and Accountants Madrid\" \/>\n<meta property=\"og:description\" content=\"Privacy policy. Your privacy is important to us. This Privacy Policy explains how we handle and treat your data when you register or visit our site www.landac.com\" \/>\n<meta property=\"og:url\" content=\"https:\/\/www.landac.com\/en\/privacy-policy-lawyers-and-accountants\/\" \/>\n<meta property=\"og:site_name\" content=\"Lawyers &amp; Accountants\" \/>\n<meta property=\"article:publisher\" content=\"https:\/\/www.facebook.com\/LawyersandAccountants\" \/>\n<meta property=\"article:modified_time\" content=\"2020-12-03T10:44:49+00:00\" \/>\n<meta property=\"og:image\" content=\"https:\/\/www.landac.com\/wp-content\/uploads\/2020\/09\/asesoria-internacional-lawyers-and-accountants-madrid.jpg\" \/>\n\t<meta property=\"og:image:width\" content=\"1280\" \/>\n\t<meta property=\"og:image:height\" content=\"720\" \/>\n\t<meta property=\"og:image:type\" content=\"image\/jpeg\" \/>\n<meta name=\"twitter:card\" content=\"summary_large_image\" \/>\n<meta name=\"twitter:site\" content=\"@Landac_asesoria\" \/>\n<meta name=\"twitter:label1\" content=\"Est. reading time\" \/>\n\t<meta name=\"twitter:data1\" content=\"4 minutes\" \/>\n<script type=\"application\/ld+json\" class=\"yoast-schema-graph\">{\"@context\":\"https:\/\/schema.org\",\"@graph\":[{\"@type\":\"WebPage\",\"@id\":\"https:\/\/www.landac.com\/en\/privacy-policy-lawyers-and-accountants\/\",\"url\":\"https:\/\/www.landac.com\/en\/privacy-policy-lawyers-and-accountants\/\",\"name\":\"Privacy Policy | Lawyers and Accountants Madrid\",\"isPartOf\":{\"@id\":\"https:\/\/www.landac.com\/#website\"},\"datePublished\":\"2015-12-14T10:34:37+00:00\",\"dateModified\":\"2020-12-03T10:44:49+00:00\",\"description\":\"Privacy policy. Your privacy is important to us. This Privacy Policy explains how we handle and treat your data when you register or visit our site www.landac.com\",\"breadcrumb\":{\"@id\":\"https:\/\/www.landac.com\/en\/privacy-policy-lawyers-and-accountants\/#breadcrumb\"},\"inLanguage\":\"en-US\",\"potentialAction\":[{\"@type\":\"ReadAction\",\"target\":[\"https:\/\/www.landac.com\/en\/privacy-policy-lawyers-and-accountants\/\"]}]},{\"@type\":\"BreadcrumbList\",\"@id\":\"https:\/\/www.landac.com\/en\/privacy-policy-lawyers-and-accountants\/#breadcrumb\",\"itemListElement\":[{\"@type\":\"ListItem\",\"position\":1,\"name\":\"Inicio\",\"item\":\"https:\/\/www.landac.com\/en\/\"},{\"@type\":\"ListItem\",\"position\":2,\"name\":\"Privacy Policy | Lawyers and Accountants\"}]},{\"@type\":\"WebSite\",\"@id\":\"https:\/\/www.landac.com\/#website\",\"url\":\"https:\/\/www.landac.com\/\",\"name\":\"Lawyers &amp; Accountants\",\"description\":\"Lawyers and Accountants Consultor\u00eda internacional m\u00e1s de 25 a\u00f1os de experiencia solucionando problemas\",\"publisher\":{\"@id\":\"https:\/\/www.landac.com\/#organization\"},\"alternateName\":\"Lawyers and Accountants, asesor\u00eda internacional\",\"potentialAction\":[{\"@type\":\"SearchAction\",\"target\":{\"@type\":\"EntryPoint\",\"urlTemplate\":\"https:\/\/www.landac.com\/?s={search_term_string}\"},\"query-input\":{\"@type\":\"PropertyValueSpecification\",\"valueRequired\":true,\"valueName\":\"search_term_string\"}}],\"inLanguage\":\"en-US\"},{\"@type\":\"Organization\",\"@id\":\"https:\/\/www.landac.com\/#organization\",\"name\":\"Lawyers & Accountants\",\"alternateName\":\"Lawyers & Accountants\",\"url\":\"https:\/\/www.landac.com\/\",\"logo\":{\"@type\":\"ImageObject\",\"inLanguage\":\"en-US\",\"@id\":\"https:\/\/www.landac.com\/#\/schema\/logo\/image\/\",\"url\":\"https:\/\/www.landac.com\/wp-content\/uploads\/2020\/06\/gestoria-lowyers-and-accountants.jpg\",\"contentUrl\":\"https:\/\/www.landac.com\/wp-content\/uploads\/2020\/06\/gestoria-lowyers-and-accountants.jpg\",\"width\":992,\"height\":237,\"caption\":\"Lawyers & Accountants\"},\"image\":{\"@id\":\"https:\/\/www.landac.com\/#\/schema\/logo\/image\/\"},\"sameAs\":[\"https:\/\/www.facebook.com\/LawyersandAccountants\",\"https:\/\/x.com\/Landac_asesoria\",\"https:\/\/www.linkedin.com\/company\/lawyers-&amp;-accountants-asesor\u00eda-internacional\",\"https:\/\/www.youtube.com\/channel\/UC1otoKuvs5moN1C4XnzLLGg\"]}]}<\/script>\n<!-- \/ Yoast SEO plugin. -->","yoast_head_json":{"title":"Privacy Policy | Lawyers and Accountants Madrid","description":"Privacy policy. Your privacy is important to us. This Privacy Policy explains how we handle and treat your data when you register or visit our site www.landac.com","robots":{"index":"index","follow":"follow","max-snippet":"max-snippet:-1","max-image-preview":"max-image-preview:large","max-video-preview":"max-video-preview:-1"},"canonical":"https:\/\/www.landac.com\/en\/privacy-policy-lawyers-and-accountants\/","og_locale":"en_US","og_type":"article","og_title":"Privacy Policy | Lawyers and Accountants Madrid","og_description":"Privacy policy. Your privacy is important to us. This Privacy Policy explains how we handle and treat your data when you register or visit our site www.landac.com","og_url":"https:\/\/www.landac.com\/en\/privacy-policy-lawyers-and-accountants\/","og_site_name":"Lawyers &amp; Accountants","article_publisher":"https:\/\/www.facebook.com\/LawyersandAccountants","article_modified_time":"2020-12-03T10:44:49+00:00","og_image":[{"width":1280,"height":720,"url":"https:\/\/www.landac.com\/wp-content\/uploads\/2020\/09\/asesoria-internacional-lawyers-and-accountants-madrid.jpg","type":"image\/jpeg"}],"twitter_card":"summary_large_image","twitter_site":"@Landac_asesoria","twitter_misc":{"Est. reading time":"4 minutes"},"schema":{"@context":"https:\/\/schema.org","@graph":[{"@type":"WebPage","@id":"https:\/\/www.landac.com\/en\/privacy-policy-lawyers-and-accountants\/","url":"https:\/\/www.landac.com\/en\/privacy-policy-lawyers-and-accountants\/","name":"Privacy Policy | Lawyers and Accountants Madrid","isPartOf":{"@id":"https:\/\/www.landac.com\/#website"},"datePublished":"2015-12-14T10:34:37+00:00","dateModified":"2020-12-03T10:44:49+00:00","description":"Privacy policy. Your privacy is important to us. This Privacy Policy explains how we handle and treat your data when you register or visit our site www.landac.com","breadcrumb":{"@id":"https:\/\/www.landac.com\/en\/privacy-policy-lawyers-and-accountants\/#breadcrumb"},"inLanguage":"en-US","potentialAction":[{"@type":"ReadAction","target":["https:\/\/www.landac.com\/en\/privacy-policy-lawyers-and-accountants\/"]}]},{"@type":"BreadcrumbList","@id":"https:\/\/www.landac.com\/en\/privacy-policy-lawyers-and-accountants\/#breadcrumb","itemListElement":[{"@type":"ListItem","position":1,"name":"Inicio","item":"https:\/\/www.landac.com\/en\/"},{"@type":"ListItem","position":2,"name":"Privacy Policy | Lawyers and Accountants"}]},{"@type":"WebSite","@id":"https:\/\/www.landac.com\/#website","url":"https:\/\/www.landac.com\/","name":"Lawyers &amp; Accountants","description":"Lawyers and Accountants Consultor\u00eda internacional m\u00e1s de 25 a\u00f1os de experiencia solucionando problemas","publisher":{"@id":"https:\/\/www.landac.com\/#organization"},"alternateName":"Lawyers and Accountants, asesor\u00eda internacional","potentialAction":[{"@type":"SearchAction","target":{"@type":"EntryPoint","urlTemplate":"https:\/\/www.landac.com\/?s={search_term_string}"},"query-input":{"@type":"PropertyValueSpecification","valueRequired":true,"valueName":"search_term_string"}}],"inLanguage":"en-US"},{"@type":"Organization","@id":"https:\/\/www.landac.com\/#organization","name":"Lawyers & Accountants","alternateName":"Lawyers & Accountants","url":"https:\/\/www.landac.com\/","logo":{"@type":"ImageObject","inLanguage":"en-US","@id":"https:\/\/www.landac.com\/#\/schema\/logo\/image\/","url":"https:\/\/www.landac.com\/wp-content\/uploads\/2020\/06\/gestoria-lowyers-and-accountants.jpg","contentUrl":"https:\/\/www.landac.com\/wp-content\/uploads\/2020\/06\/gestoria-lowyers-and-accountants.jpg","width":992,"height":237,"caption":"Lawyers & Accountants"},"image":{"@id":"https:\/\/www.landac.com\/#\/schema\/logo\/image\/"},"sameAs":["https:\/\/www.facebook.com\/LawyersandAccountants","https:\/\/x.com\/Landac_asesoria","https:\/\/www.linkedin.com\/company\/lawyers-&amp;-accountants-asesor\u00eda-internacional","https:\/\/www.youtube.com\/channel\/UC1otoKuvs5moN1C4XnzLLGg"]}]}},"_links":{"self":[{"href":"https:\/\/www.landac.com\/en\/wp-json\/wp\/v2\/pages\/2116"}],"collection":[{"href":"https:\/\/www.landac.com\/en\/wp-json\/wp\/v2\/pages"}],"about":[{"href":"https:\/\/www.landac.com\/en\/wp-json\/wp\/v2\/types\/page"}],"author":[{"embeddable":true,"href":"https:\/\/www.landac.com\/en\/wp-json\/wp\/v2\/users\/1"}],"replies":[{"embeddable":true,"href":"https:\/\/www.landac.com\/en\/wp-json\/wp\/v2\/comments?post=2116"}],"version-history":[{"count":8,"href":"https:\/\/www.landac.com\/en\/wp-json\/wp\/v2\/pages\/2116\/revisions"}],"predecessor-version":[{"id":4796,"href":"https:\/\/www.landac.com\/en\/wp-json\/wp\/v2\/pages\/2116\/revisions\/4796"}],"wp:attachment":[{"href":"https:\/\/www.landac.com\/en\/wp-json\/wp\/v2\/media?parent=2116"}],"curies":[{"name":"wp","href":"https:\/\/api.w.org\/{rel}","templated":true}]}}