{"id":2119,"date":"2015-12-14T10:14:35","date_gmt":"2015-12-14T10:14:35","guid":{"rendered":"https:\/\/www.landac.com\/aviso-legal\/"},"modified":"2018-06-21T20:13:20","modified_gmt":"2018-06-21T20:13:20","slug":"terms-conditions","status":"publish","type":"page","link":"https:\/\/www.landac.com\/en\/terms-conditions\/","title":{"rendered":"Terms and conditions"},"content":{"rendered":"<p><strong>AVISO LEGAL<\/strong><\/p>\n<p>El presente Aviso Legal tiene por objeto regular las condiciones generales de acceso, navegaci\u00f3n y uso del portal web titularidad de LAWYERS AND ACCOUNTANTS, S.L.U, insertado en el dominio <a href=\"http:\/\/www.landac.com\">www.landac.com<\/a>. El acceso al sitio implica la aceptaci\u00f3n \u00edntegra de las presentes condiciones,\u00a0sin perjuicio de las condiciones generales o particulares previstas para determinados y concretos servicios, y que se entender\u00e1n aceptadas por el mero uso de los mismos.<\/p>\n<p>En cumplimiento de la Ley 34\/2002, de 11 de julio, de Servicios de\u00a0la Sociedad de la Informaci\u00f3n y de Comercio Electr\u00f3nico (LSSICE), LAWYERS AND ACCOUNTANTS, S.L.U. (en lo adelante, LANDAC) informa\u00a0que:<\/p>\n<p><strong>TITULARIDAD DE LA WEB<\/strong><\/p>\n<p>El sitio web es de la titularidad de LANDAC, con domicilio social en Paseo de la Castellana 90 1\u00b0, C\u00f3digo Postal 28046, Madrid (Espa\u00f1a) y N.I.F B83708685, inscrita en el Registro Mercantil de Madrid en el Tomo 19068, Libro 0, Folio 168, Secci\u00f3n 8, Hoja: M333404. Para comunicarse directamente con nosotros, ponemos a su disposici\u00f3n el tel\u00e9fono <strong>+34 <\/strong><strong>91 564 32 94<\/strong> y el correo electr\u00f3nico\u00a0<a href=\"mailto:info@landac.com\"><strong>info@landac.com<\/strong><\/a><strong>.<\/strong><\/p>\n<p><strong>USO<\/strong><\/p>\n<p>El usuario del sitio web se compromete a utilizarlo de conformidad con la Ley y con las presentes condiciones generales. Tanto el acceso a la Web como el uso indebido que pueda efectuarse de la\u00a0informaci\u00f3n contenida en la misma es de la exclusiva responsabilidad de quien lo realiza. LANDAC no responder\u00e1 de ninguna consecuencia, da\u00f1o o perjuicio que pudiera derivarse de dicho acceso o uso.<\/p>\n<p>Se proh\u00edbe la utilizaci\u00f3n del sitio web con fines il\u00edcitos que puedan lesionar bienes o intereses de LANDAC o de terceros.<\/p>\n<p><strong>PROPIEDAD INTELECTUAL E INDUSTRIAL<\/strong><\/p>\n<p>Los derechos de propiedad intelectual de la p\u00e1gina <a href=\"http:\/\/www.landac.com\">www.landac.com<\/a>, as\u00ed como su c\u00f3digo fuente, dise\u00f1o, estructura de navegaci\u00f3n y los distintos elementos en \u00e9l contenidos son\u00a0de la propiedad de LANDAC, que goza de la titularidad en exclusiva de los derechos de explotaci\u00f3n de los mismos en cualquier forma, especialmente a trav\u00e9s de\u00a0la reproducci\u00f3n, distribuci\u00f3n, comunicaci\u00f3n p\u00fablica y\u00a0transformaci\u00f3n.<\/p>\n<p>La web &#8220;www.landac.com\u00b4\u00b4 contiene im\u00e1genes propias y de terceros. Con respecto a las im\u00e1genes de terceros, LANDAC respetar\u00e1 en todo momento los derechos de propiedad intelectual que ostenten sus autores sobre las mismas, de conformidad con la normativa vigente (Real Decreto Legislativo 1\/1996, de 12 de abril, por el que se aprueba el texto refundido de la Ley de Propiedad Intelectual, regularizando, aclarando y armonizando las disposiciones legales vigentes sobre la materia.)<\/p>\n<p>LANDAC es titular de los derechos de propiedad industrial referidos al nombre comercial, los signos distintivos y la marca \u00b4\u00b4LAWYERS AND ACCOUNTANTS\u00b4\u00b4. Respecto a las citas de productos y servicios de terceros, LANDAC reconoce a favor de sus titulares los correspondientes derechos de propiedad industrial e intelectual, no implicando su sola menci\u00f3n o aparici\u00f3n en la Web la existencia de derechos o responsabilidad alguna de LANDAC sobre los mismos, como tampoco respaldo, patrocinio, o recomendaci\u00f3n por parte de LANDAC a no ser que se manifieste de manera expresa.<\/p>\n<p>El acceso y uso del sitio web por parte de los usuarios, de ning\u00fan modo significar\u00e1 atribuci\u00f3n de derechos de propiedad industrial en su favor.<\/p>\n<p><strong>CONTENIDOS<\/strong><\/p>\n<p>Se autoriza la visualizaci\u00f3n, impresi\u00f3n y descarga parcial del contenido de\u00a0la Web s\u00f3lo y exclusivamente si concurren las siguientes condiciones:<\/p>\n<ul>\n<li>Compatibilidad con los fines de la Web.<\/li>\n<li>\u00c1nimo exclusivo de obtener la informaci\u00f3n contenida para uso\u00a0personal y privado. Se proh\u00edbe expresamente su utilizaci\u00f3n con fines comerciales o para su distribuci\u00f3n, comunicaci\u00f3n p\u00fablica,\u00a0transformaci\u00f3n o descompilaci\u00f3n.<\/li>\n<li>Respeto de la integridad de los contenidos de la Web, prohibi\u00e9ndose\u00a0expresamente cualquier modificaci\u00f3n de los mismos.<\/li>\n<li>No utilizaci\u00f3n de las fotos, gr\u00e1ficos o im\u00e1genes disponibles en la Web\u00a0separadamente del texto o del resto de im\u00e1genes que los acompa\u00f1en.<\/li>\n<\/ul>\n<p>LANDAC no garantiza la inexistencia de interrupciones o errores en el\u00a0acceso a la web o a su contenido, ni que \u00e9ste se encuentre actualizado, si bien\u00a0se compromete a llevar a cabo, siempre que no concurran causas que lo hagan\u00a0imposible o de dif\u00edcil ejecuci\u00f3n, y tan pronto tenga noticia de los errores,\u00a0desconexiones o falta de actualizaci\u00f3n en los contenidos, todas aquellas\u00a0labores tendentes a subsanar los errores, restablecer la comunicaci\u00f3n y\u00a0actualizar los contenidos.<\/p>\n<p>La utilizaci\u00f3n no autorizada de la informaci\u00f3n contenida en la Web, su\u00a0reventa, as\u00ed como la lesi\u00f3n de los derechos de propiedad intelectual de LANDAC,\u00a0dar\u00e1 lugar a las responsabilidades legalmente establecidas.<\/p>\n<p><strong>EXCLUSI\u00d3N DE RESPONSABILIDAD<\/strong><\/p>\n<p>LANDAC tampoco se hace responsable de los errores de seguridad que se puedan producir, ni de los da\u00f1os que puedan causarse al sistema inform\u00e1tico del usuario (hardware y software), o a los ficheros o documentos almacenados en el mismo, como consecuencia de:<\/p>\n<ul>\n<li>La presencia de un virus en el ordenador del usuario que sea utilizado\u00a0para la conexi\u00f3n a los servicios y contenidos de la Web.<\/li>\n<li>Un mal funcionamiento del navegador.<\/li>\n<li>Del uso de versiones no actualizadas del mismo.<\/li>\n<\/ul>\n<p><strong>ENLACES<\/strong><\/p>\n<p>LANDAC no asume responsabilidad alguna derivada de los contenidos\u00a0enlazados desde la Web, siempre que sean ajenos a la misma, ni garantiza la\u00a0ausencia de virus u otros elementos en los mismos que puedan producir\u00a0alteraciones en el sistema inform\u00e1tico (hardware y software), en los\u00a0documentos o los ficheros del usuario, excluyendo cualquier responsabilidad\u00a0por los da\u00f1os de cualquier clase causados al usuario por este motivo. En el caso de que cualquier usuario, cliente o un tercero, considerara que el\u00a0contenido o los servicios prestados por las p\u00e1ginas enlazadas son il\u00edcitos o\u00a0lesionan bienes o derechos del propio usuario, de un cliente o de un tercero\u00a0susceptibles de indemnizaci\u00f3n, y, en particular, consistan en:<\/p>\n<ul>\n<li>Actividades o contenidos susceptibles de ser considerados delictivos\u00a0conforme la normativa penal espa\u00f1ola.<\/li>\n<li>Actividades o contenidos que violen derechos de propiedad intelectual\u00a0o industrial.<\/li>\n<li>Actividades o contenidos que pongan en peligro el orden p\u00fablico, la\u00a0investigaci\u00f3n penal, la seguridad p\u00fablica y la defensa nacional.<\/li>\n<li>Actividades o contenidos que pongan en peligro la protecci\u00f3n de la\u00a0salud p\u00fablica, el respeto a la dignidad de la persona y al principio de\u00a0no discriminaci\u00f3n, y la protecci\u00f3n de la salud y la infancia.<\/li>\n<\/ul>\n<p>El usuario deber\u00e1 mandar un correo electr\u00f3nico a (<a href=\"mailto:info@landac.com\">info@landac.com<\/a>) para que los administradores inicien el procedimiento adecuado para solventar los problemas acontecidos.<\/p>\n<p><strong>MODIFICACI\u00d3N<\/strong><\/p>\n<p>LANDAC se reserva la facultad de efectuar, en cualquier momento y sin\u00a0necesidad de previo aviso, modificaciones y actualizaciones de la informaci\u00f3n\u00a0contenida en la Web, de la configuraci\u00f3n y dise\u00f1o de \u00e9sta y de las condiciones\u00a0de acceso.<\/p>\n<p><strong>LEGISLACI\u00d3N APLICABLE Y JURISDICCI\u00d3N<\/strong><\/p>\n<p>LANDAC, y el usuario, con renuncia expresa a cualquier otro fuero, se\u00a0someten al de los juzgados y tribunales del domicilio del usuario para\u00a0cualquier controversia que pudiera derivarse del acceso, o uso de la Web. En\u00a0el caso de que el usuario tenga su domicilio fuera de Espa\u00f1a, LANDAC y el\u00a0usuario se someten, con renuncia expresa a cualquier otro fuero, a los\u00a0juzgados y tribunales de Madrid (Espa\u00f1a).<\/p>\n<p>&nbsp;<\/p>\n<p>&nbsp;<\/p>\n<p>&nbsp;<\/p>\n","protected":false},"excerpt":{"rendered":"<p>AVISO LEGAL El presente Aviso Legal tiene por objeto regular las condiciones generales de acceso, navegaci\u00f3n y uso del portal web titularidad de LAWYERS AND ACCOUNTANTS, S.L.U, insertado en el dominio www.landac.com. El acceso al sitio implica la aceptaci\u00f3n \u00edntegra de las presentes condiciones,\u00a0sin perjuicio de las condiciones generales o particulares previstas para determinados y [&hellip;]<\/p>\n","protected":false},"author":1,"featured_media":0,"parent":0,"menu_order":0,"comment_status":"closed","ping_status":"closed","template":"page-legal.php","meta":{"_acf_changed":false,"footnotes":""},"acf":[],"yoast_head":"<!-- This site is optimized with the Yoast SEO plugin v23.5 - https:\/\/yoast.com\/wordpress\/plugins\/seo\/ -->\n<title>Terms and conditions :: Landac :: Lawyers &amp; Accountants<\/title>\n<meta name=\"description\" content=\"El Aviso Legal tiene por objeto regular las condiciones generales de acceso, navegaci\u00f3n y uso del portal web titularidad de LAWYERS AND ACCOUNTANTS, S.L.U.\" \/>\n<meta name=\"robots\" content=\"index, follow, max-snippet:-1, max-image-preview:large, max-video-preview:-1\" \/>\n<link rel=\"canonical\" href=\"https:\/\/www.landac.com\/en\/terms-conditions\/\" \/>\n<meta property=\"og:locale\" content=\"en_US\" \/>\n<meta property=\"og:type\" content=\"article\" \/>\n<meta property=\"og:title\" content=\"Terms and conditions :: Landac :: Lawyers &amp; Accountants\" \/>\n<meta property=\"og:description\" content=\"El Aviso Legal tiene por objeto regular las condiciones generales de acceso, navegaci\u00f3n y uso del portal web titularidad de LAWYERS AND ACCOUNTANTS, S.L.U.\" \/>\n<meta property=\"og:url\" content=\"https:\/\/www.landac.com\/en\/terms-conditions\/\" \/>\n<meta property=\"og:site_name\" content=\"Lawyers &amp; Accountants\" \/>\n<meta property=\"article:publisher\" content=\"https:\/\/www.facebook.com\/LawyersandAccountants\" \/>\n<meta property=\"article:modified_time\" content=\"2018-06-21T20:13:20+00:00\" \/>\n<meta property=\"og:image\" content=\"https:\/\/www.landac.com\/wp-content\/uploads\/2020\/09\/asesoria-internacional-lawyers-and-accountants-madrid.jpg\" \/>\n\t<meta property=\"og:image:width\" content=\"1280\" \/>\n\t<meta property=\"og:image:height\" content=\"720\" \/>\n\t<meta property=\"og:image:type\" content=\"image\/jpeg\" \/>\n<meta name=\"twitter:card\" content=\"summary_large_image\" \/>\n<meta name=\"twitter:site\" content=\"@Landac_asesoria\" \/>\n<meta name=\"twitter:label1\" content=\"Est. reading time\" \/>\n\t<meta name=\"twitter:data1\" content=\"6 minutes\" \/>\n<script type=\"application\/ld+json\" class=\"yoast-schema-graph\">{\"@context\":\"https:\/\/schema.org\",\"@graph\":[{\"@type\":\"WebPage\",\"@id\":\"https:\/\/www.landac.com\/en\/terms-conditions\/\",\"url\":\"https:\/\/www.landac.com\/en\/terms-conditions\/\",\"name\":\"Terms and conditions :: Landac :: Lawyers &amp; Accountants\",\"isPartOf\":{\"@id\":\"https:\/\/www.landac.com\/#website\"},\"datePublished\":\"2015-12-14T10:14:35+00:00\",\"dateModified\":\"2018-06-21T20:13:20+00:00\",\"description\":\"El Aviso Legal tiene por objeto regular las condiciones generales de acceso, navegaci\u00f3n y uso del portal web titularidad de LAWYERS AND ACCOUNTANTS, S.L.U.\",\"breadcrumb\":{\"@id\":\"https:\/\/www.landac.com\/en\/terms-conditions\/#breadcrumb\"},\"inLanguage\":\"en-US\",\"potentialAction\":[{\"@type\":\"ReadAction\",\"target\":[\"https:\/\/www.landac.com\/en\/terms-conditions\/\"]}]},{\"@type\":\"BreadcrumbList\",\"@id\":\"https:\/\/www.landac.com\/en\/terms-conditions\/#breadcrumb\",\"itemListElement\":[{\"@type\":\"ListItem\",\"position\":1,\"name\":\"Inicio\",\"item\":\"https:\/\/www.landac.com\/en\/\"},{\"@type\":\"ListItem\",\"position\":2,\"name\":\"Terms and conditions\"}]},{\"@type\":\"WebSite\",\"@id\":\"https:\/\/www.landac.com\/#website\",\"url\":\"https:\/\/www.landac.com\/\",\"name\":\"Lawyers &amp; Accountants\",\"description\":\"Lawyers and Accountants Consultor\u00eda internacional m\u00e1s de 25 a\u00f1os de experiencia solucionando problemas\",\"publisher\":{\"@id\":\"https:\/\/www.landac.com\/#organization\"},\"alternateName\":\"Lawyers and Accountants, asesor\u00eda internacional\",\"potentialAction\":[{\"@type\":\"SearchAction\",\"target\":{\"@type\":\"EntryPoint\",\"urlTemplate\":\"https:\/\/www.landac.com\/?s={search_term_string}\"},\"query-input\":{\"@type\":\"PropertyValueSpecification\",\"valueRequired\":true,\"valueName\":\"search_term_string\"}}],\"inLanguage\":\"en-US\"},{\"@type\":\"Organization\",\"@id\":\"https:\/\/www.landac.com\/#organization\",\"name\":\"Lawyers & Accountants\",\"alternateName\":\"Lawyers & Accountants\",\"url\":\"https:\/\/www.landac.com\/\",\"logo\":{\"@type\":\"ImageObject\",\"inLanguage\":\"en-US\",\"@id\":\"https:\/\/www.landac.com\/#\/schema\/logo\/image\/\",\"url\":\"https:\/\/www.landac.com\/wp-content\/uploads\/2020\/06\/gestoria-lowyers-and-accountants.jpg\",\"contentUrl\":\"https:\/\/www.landac.com\/wp-content\/uploads\/2020\/06\/gestoria-lowyers-and-accountants.jpg\",\"width\":992,\"height\":237,\"caption\":\"Lawyers & Accountants\"},\"image\":{\"@id\":\"https:\/\/www.landac.com\/#\/schema\/logo\/image\/\"},\"sameAs\":[\"https:\/\/www.facebook.com\/LawyersandAccountants\",\"https:\/\/x.com\/Landac_asesoria\",\"https:\/\/www.linkedin.com\/company\/lawyers-&amp;-accountants-asesor\u00eda-internacional\",\"https:\/\/www.youtube.com\/channel\/UC1otoKuvs5moN1C4XnzLLGg\"]}]}<\/script>\n<!-- \/ Yoast SEO plugin. -->","yoast_head_json":{"title":"Terms and conditions :: Landac :: Lawyers &amp; Accountants","description":"El Aviso Legal tiene por objeto regular las condiciones generales de acceso, navegaci\u00f3n y uso del portal web titularidad de LAWYERS AND ACCOUNTANTS, S.L.U.","robots":{"index":"index","follow":"follow","max-snippet":"max-snippet:-1","max-image-preview":"max-image-preview:large","max-video-preview":"max-video-preview:-1"},"canonical":"https:\/\/www.landac.com\/en\/terms-conditions\/","og_locale":"en_US","og_type":"article","og_title":"Terms and conditions :: Landac :: Lawyers &amp; Accountants","og_description":"El Aviso Legal tiene por objeto regular las condiciones generales de acceso, navegaci\u00f3n y uso del portal web titularidad de LAWYERS AND ACCOUNTANTS, S.L.U.","og_url":"https:\/\/www.landac.com\/en\/terms-conditions\/","og_site_name":"Lawyers &amp; Accountants","article_publisher":"https:\/\/www.facebook.com\/LawyersandAccountants","article_modified_time":"2018-06-21T20:13:20+00:00","og_image":[{"width":1280,"height":720,"url":"https:\/\/www.landac.com\/wp-content\/uploads\/2020\/09\/asesoria-internacional-lawyers-and-accountants-madrid.jpg","type":"image\/jpeg"}],"twitter_card":"summary_large_image","twitter_site":"@Landac_asesoria","twitter_misc":{"Est. reading time":"6 minutes"},"schema":{"@context":"https:\/\/schema.org","@graph":[{"@type":"WebPage","@id":"https:\/\/www.landac.com\/en\/terms-conditions\/","url":"https:\/\/www.landac.com\/en\/terms-conditions\/","name":"Terms and conditions :: Landac :: Lawyers &amp; Accountants","isPartOf":{"@id":"https:\/\/www.landac.com\/#website"},"datePublished":"2015-12-14T10:14:35+00:00","dateModified":"2018-06-21T20:13:20+00:00","description":"El Aviso Legal tiene por objeto regular las condiciones generales de acceso, navegaci\u00f3n y uso del portal web titularidad de LAWYERS AND ACCOUNTANTS, S.L.U.","breadcrumb":{"@id":"https:\/\/www.landac.com\/en\/terms-conditions\/#breadcrumb"},"inLanguage":"en-US","potentialAction":[{"@type":"ReadAction","target":["https:\/\/www.landac.com\/en\/terms-conditions\/"]}]},{"@type":"BreadcrumbList","@id":"https:\/\/www.landac.com\/en\/terms-conditions\/#breadcrumb","itemListElement":[{"@type":"ListItem","position":1,"name":"Inicio","item":"https:\/\/www.landac.com\/en\/"},{"@type":"ListItem","position":2,"name":"Terms and conditions"}]},{"@type":"WebSite","@id":"https:\/\/www.landac.com\/#website","url":"https:\/\/www.landac.com\/","name":"Lawyers &amp; Accountants","description":"Lawyers and Accountants Consultor\u00eda internacional m\u00e1s de 25 a\u00f1os de experiencia solucionando problemas","publisher":{"@id":"https:\/\/www.landac.com\/#organization"},"alternateName":"Lawyers and Accountants, asesor\u00eda internacional","potentialAction":[{"@type":"SearchAction","target":{"@type":"EntryPoint","urlTemplate":"https:\/\/www.landac.com\/?s={search_term_string}"},"query-input":{"@type":"PropertyValueSpecification","valueRequired":true,"valueName":"search_term_string"}}],"inLanguage":"en-US"},{"@type":"Organization","@id":"https:\/\/www.landac.com\/#organization","name":"Lawyers & Accountants","alternateName":"Lawyers & Accountants","url":"https:\/\/www.landac.com\/","logo":{"@type":"ImageObject","inLanguage":"en-US","@id":"https:\/\/www.landac.com\/#\/schema\/logo\/image\/","url":"https:\/\/www.landac.com\/wp-content\/uploads\/2020\/06\/gestoria-lowyers-and-accountants.jpg","contentUrl":"https:\/\/www.landac.com\/wp-content\/uploads\/2020\/06\/gestoria-lowyers-and-accountants.jpg","width":992,"height":237,"caption":"Lawyers & Accountants"},"image":{"@id":"https:\/\/www.landac.com\/#\/schema\/logo\/image\/"},"sameAs":["https:\/\/www.facebook.com\/LawyersandAccountants","https:\/\/x.com\/Landac_asesoria","https:\/\/www.linkedin.com\/company\/lawyers-&amp;-accountants-asesor\u00eda-internacional","https:\/\/www.youtube.com\/channel\/UC1otoKuvs5moN1C4XnzLLGg"]}]}},"_links":{"self":[{"href":"https:\/\/www.landac.com\/en\/wp-json\/wp\/v2\/pages\/2119"}],"collection":[{"href":"https:\/\/www.landac.com\/en\/wp-json\/wp\/v2\/pages"}],"about":[{"href":"https:\/\/www.landac.com\/en\/wp-json\/wp\/v2\/types\/page"}],"author":[{"embeddable":true,"href":"https:\/\/www.landac.com\/en\/wp-json\/wp\/v2\/users\/1"}],"replies":[{"embeddable":true,"href":"https:\/\/www.landac.com\/en\/wp-json\/wp\/v2\/comments?post=2119"}],"version-history":[{"count":5,"href":"https:\/\/www.landac.com\/en\/wp-json\/wp\/v2\/pages\/2119\/revisions"}],"predecessor-version":[{"id":2584,"href":"https:\/\/www.landac.com\/en\/wp-json\/wp\/v2\/pages\/2119\/revisions\/2584"}],"wp:attachment":[{"href":"https:\/\/www.landac.com\/en\/wp-json\/wp\/v2\/media?parent=2119"}],"curies":[{"name":"wp","href":"https:\/\/api.w.org\/{rel}","templated":true}]}}