{"id":2130,"date":"2018-01-22T15:38:12","date_gmt":"2018-01-22T15:38:12","guid":{"rendered":"https:\/\/www.landac.com\/mision-vision-y-valores\/"},"modified":"2023-12-04T05:39:56","modified_gmt":"2023-12-04T05:39:56","slug":"mision-vision-y-valores","status":"publish","type":"page","link":"https:\/\/www.landac.com\/en\/mision-vision-y-valores\/","title":{"rendered":"Mission, Vision y Values"},"content":{"rendered":"<ul>\n<li>Contamos con una plantilla fija de 15 trabajadores<\/li>\n<li>Poseemos una cartera de 200 clientes activos a quienes les prestamos servicios de forma continua trav\u00e9s de nuestro equipo multidisciplinar<\/li>\n<li>Trabajamos con clientes exigentes y cumplimos con profesionalidad sus objetivos<\/li>\n<li>Todo nuestro trabajo est\u00e1 basado en la apuesta por la innovaci\u00f3n y por el servicio personalizado y de calidad<\/li>\n<li>Todos nuestros trabajos se llevan a cabo por profesionales especializados<\/li>\n<\/ul>\n","protected":false},"excerpt":{"rendered":"<p>Contamos con una plantilla fija de 15 trabajadores Poseemos una cartera de 200 clientes activos a quienes les prestamos servicios de forma continua trav\u00e9s de nuestro equipo multidisciplinar Trabajamos con clientes exigentes y cumplimos con profesionalidad sus objetivos Todo nuestro trabajo est\u00e1 basado en la apuesta por la innovaci\u00f3n y por el servicio personalizado y [&hellip;]<\/p>\n","protected":false},"author":4,"featured_media":0,"parent":0,"menu_order":0,"comment_status":"closed","ping_status":"closed","template":"","meta":{"_acf_changed":false,"footnotes":""},"acf":[],"yoast_head":"<!-- This site is optimized with the Yoast SEO plugin v23.5 - https:\/\/yoast.com\/wordpress\/plugins\/seo\/ -->\n<title>Mission, Vision y Values | Lawyers &amp; Accountants<\/title>\n<meta name=\"description\" content=\"All our work is carried out by specialised professionals. All our work is based on a commitment to innovation and personalised, quality service.\" \/>\n<meta name=\"robots\" content=\"index, follow, max-snippet:-1, max-image-preview:large, max-video-preview:-1\" \/>\n<link rel=\"canonical\" href=\"https:\/\/www.landac.com\/en\/mision-vision-y-valores\/\" \/>\n<meta property=\"og:locale\" content=\"en_US\" \/>\n<meta property=\"og:type\" content=\"article\" \/>\n<meta property=\"og:title\" content=\"Mission, Vision y Values | Lawyers &amp; Accountants\" \/>\n<meta property=\"og:description\" content=\"All our work is carried out by specialised professionals. All our work is based on a commitment to innovation and personalised, quality service.\" \/>\n<meta property=\"og:url\" content=\"https:\/\/www.landac.com\/en\/mision-vision-y-valores\/\" \/>\n<meta property=\"og:site_name\" content=\"Lawyers &amp; Accountants\" \/>\n<meta property=\"article:publisher\" content=\"https:\/\/www.facebook.com\/LawyersandAccountants\" \/>\n<meta property=\"article:modified_time\" content=\"2023-12-04T05:39:56+00:00\" \/>\n<meta property=\"og:image\" content=\"https:\/\/www.landac.com\/wp-content\/uploads\/2020\/09\/asesoria-internacional-lawyers-and-accountants-madrid.jpg\" \/>\n\t<meta property=\"og:image:width\" content=\"1280\" \/>\n\t<meta property=\"og:image:height\" content=\"720\" \/>\n\t<meta property=\"og:image:type\" content=\"image\/jpeg\" \/>\n<meta name=\"twitter:card\" content=\"summary_large_image\" \/>\n<meta name=\"twitter:site\" content=\"@Landac_asesoria\" \/>\n<meta name=\"twitter:label1\" content=\"Est. reading time\" \/>\n\t<meta name=\"twitter:data1\" content=\"1 minute\" \/>\n<script type=\"application\/ld+json\" class=\"yoast-schema-graph\">{\"@context\":\"https:\/\/schema.org\",\"@graph\":[{\"@type\":\"WebPage\",\"@id\":\"https:\/\/www.landac.com\/en\/mision-vision-y-valores\/\",\"url\":\"https:\/\/www.landac.com\/en\/mision-vision-y-valores\/\",\"name\":\"Mission, Vision y Values | Lawyers &amp; Accountants\",\"isPartOf\":{\"@id\":\"https:\/\/www.landac.com\/#website\"},\"datePublished\":\"2018-01-22T15:38:12+00:00\",\"dateModified\":\"2023-12-04T05:39:56+00:00\",\"description\":\"All our work is carried out by specialised professionals. All our work is based on a commitment to innovation and personalised, quality service.\",\"breadcrumb\":{\"@id\":\"https:\/\/www.landac.com\/en\/mision-vision-y-valores\/#breadcrumb\"},\"inLanguage\":\"en-US\",\"potentialAction\":[{\"@type\":\"ReadAction\",\"target\":[\"https:\/\/www.landac.com\/en\/mision-vision-y-valores\/\"]}]},{\"@type\":\"BreadcrumbList\",\"@id\":\"https:\/\/www.landac.com\/en\/mision-vision-y-valores\/#breadcrumb\",\"itemListElement\":[{\"@type\":\"ListItem\",\"position\":1,\"name\":\"Inicio\",\"item\":\"https:\/\/www.landac.com\/en\/\"},{\"@type\":\"ListItem\",\"position\":2,\"name\":\"Mission, Vision y Values\"}]},{\"@type\":\"WebSite\",\"@id\":\"https:\/\/www.landac.com\/#website\",\"url\":\"https:\/\/www.landac.com\/\",\"name\":\"Lawyers &amp; Accountants\",\"description\":\"Lawyers and Accountants Consultor\u00eda internacional m\u00e1s de 25 a\u00f1os de experiencia solucionando problemas\",\"publisher\":{\"@id\":\"https:\/\/www.landac.com\/#organization\"},\"alternateName\":\"Lawyers and Accountants, asesor\u00eda internacional\",\"potentialAction\":[{\"@type\":\"SearchAction\",\"target\":{\"@type\":\"EntryPoint\",\"urlTemplate\":\"https:\/\/www.landac.com\/?s={search_term_string}\"},\"query-input\":{\"@type\":\"PropertyValueSpecification\",\"valueRequired\":true,\"valueName\":\"search_term_string\"}}],\"inLanguage\":\"en-US\"},{\"@type\":\"Organization\",\"@id\":\"https:\/\/www.landac.com\/#organization\",\"name\":\"Lawyers & Accountants\",\"alternateName\":\"Lawyers & Accountants\",\"url\":\"https:\/\/www.landac.com\/\",\"logo\":{\"@type\":\"ImageObject\",\"inLanguage\":\"en-US\",\"@id\":\"https:\/\/www.landac.com\/#\/schema\/logo\/image\/\",\"url\":\"https:\/\/www.landac.com\/wp-content\/uploads\/2020\/06\/gestoria-lowyers-and-accountants.jpg\",\"contentUrl\":\"https:\/\/www.landac.com\/wp-content\/uploads\/2020\/06\/gestoria-lowyers-and-accountants.jpg\",\"width\":992,\"height\":237,\"caption\":\"Lawyers & Accountants\"},\"image\":{\"@id\":\"https:\/\/www.landac.com\/#\/schema\/logo\/image\/\"},\"sameAs\":[\"https:\/\/www.facebook.com\/LawyersandAccountants\",\"https:\/\/x.com\/Landac_asesoria\",\"https:\/\/www.linkedin.com\/company\/lawyers-&amp;-accountants-asesor\u00eda-internacional\",\"https:\/\/www.youtube.com\/channel\/UC1otoKuvs5moN1C4XnzLLGg\"]}]}<\/script>\n<!-- \/ Yoast SEO plugin. -->","yoast_head_json":{"title":"Mission, Vision y Values | Lawyers &amp; Accountants","description":"All our work is carried out by specialised professionals. All our work is based on a commitment to innovation and personalised, quality service.","robots":{"index":"index","follow":"follow","max-snippet":"max-snippet:-1","max-image-preview":"max-image-preview:large","max-video-preview":"max-video-preview:-1"},"canonical":"https:\/\/www.landac.com\/en\/mision-vision-y-valores\/","og_locale":"en_US","og_type":"article","og_title":"Mission, Vision y Values | Lawyers &amp; Accountants","og_description":"All our work is carried out by specialised professionals. All our work is based on a commitment to innovation and personalised, quality service.","og_url":"https:\/\/www.landac.com\/en\/mision-vision-y-valores\/","og_site_name":"Lawyers &amp; Accountants","article_publisher":"https:\/\/www.facebook.com\/LawyersandAccountants","article_modified_time":"2023-12-04T05:39:56+00:00","og_image":[{"width":1280,"height":720,"url":"https:\/\/www.landac.com\/wp-content\/uploads\/2020\/09\/asesoria-internacional-lawyers-and-accountants-madrid.jpg","type":"image\/jpeg"}],"twitter_card":"summary_large_image","twitter_site":"@Landac_asesoria","twitter_misc":{"Est. reading time":"1 minute"},"schema":{"@context":"https:\/\/schema.org","@graph":[{"@type":"WebPage","@id":"https:\/\/www.landac.com\/en\/mision-vision-y-valores\/","url":"https:\/\/www.landac.com\/en\/mision-vision-y-valores\/","name":"Mission, Vision y Values | Lawyers &amp; Accountants","isPartOf":{"@id":"https:\/\/www.landac.com\/#website"},"datePublished":"2018-01-22T15:38:12+00:00","dateModified":"2023-12-04T05:39:56+00:00","description":"All our work is carried out by specialised professionals. All our work is based on a commitment to innovation and personalised, quality service.","breadcrumb":{"@id":"https:\/\/www.landac.com\/en\/mision-vision-y-valores\/#breadcrumb"},"inLanguage":"en-US","potentialAction":[{"@type":"ReadAction","target":["https:\/\/www.landac.com\/en\/mision-vision-y-valores\/"]}]},{"@type":"BreadcrumbList","@id":"https:\/\/www.landac.com\/en\/mision-vision-y-valores\/#breadcrumb","itemListElement":[{"@type":"ListItem","position":1,"name":"Inicio","item":"https:\/\/www.landac.com\/en\/"},{"@type":"ListItem","position":2,"name":"Mission, Vision y Values"}]},{"@type":"WebSite","@id":"https:\/\/www.landac.com\/#website","url":"https:\/\/www.landac.com\/","name":"Lawyers &amp; Accountants","description":"Lawyers and Accountants Consultor\u00eda internacional m\u00e1s de 25 a\u00f1os de experiencia solucionando problemas","publisher":{"@id":"https:\/\/www.landac.com\/#organization"},"alternateName":"Lawyers and Accountants, asesor\u00eda internacional","potentialAction":[{"@type":"SearchAction","target":{"@type":"EntryPoint","urlTemplate":"https:\/\/www.landac.com\/?s={search_term_string}"},"query-input":{"@type":"PropertyValueSpecification","valueRequired":true,"valueName":"search_term_string"}}],"inLanguage":"en-US"},{"@type":"Organization","@id":"https:\/\/www.landac.com\/#organization","name":"Lawyers & Accountants","alternateName":"Lawyers & Accountants","url":"https:\/\/www.landac.com\/","logo":{"@type":"ImageObject","inLanguage":"en-US","@id":"https:\/\/www.landac.com\/#\/schema\/logo\/image\/","url":"https:\/\/www.landac.com\/wp-content\/uploads\/2020\/06\/gestoria-lowyers-and-accountants.jpg","contentUrl":"https:\/\/www.landac.com\/wp-content\/uploads\/2020\/06\/gestoria-lowyers-and-accountants.jpg","width":992,"height":237,"caption":"Lawyers & Accountants"},"image":{"@id":"https:\/\/www.landac.com\/#\/schema\/logo\/image\/"},"sameAs":["https:\/\/www.facebook.com\/LawyersandAccountants","https:\/\/x.com\/Landac_asesoria","https:\/\/www.linkedin.com\/company\/lawyers-&amp;-accountants-asesor\u00eda-internacional","https:\/\/www.youtube.com\/channel\/UC1otoKuvs5moN1C4XnzLLGg"]}]}},"_links":{"self":[{"href":"https:\/\/www.landac.com\/en\/wp-json\/wp\/v2\/pages\/2130"}],"collection":[{"href":"https:\/\/www.landac.com\/en\/wp-json\/wp\/v2\/pages"}],"about":[{"href":"https:\/\/www.landac.com\/en\/wp-json\/wp\/v2\/types\/page"}],"author":[{"embeddable":true,"href":"https:\/\/www.landac.com\/en\/wp-json\/wp\/v2\/users\/4"}],"replies":[{"embeddable":true,"href":"https:\/\/www.landac.com\/en\/wp-json\/wp\/v2\/comments?post=2130"}],"version-history":[{"count":7,"href":"https:\/\/www.landac.com\/en\/wp-json\/wp\/v2\/pages\/2130\/revisions"}],"predecessor-version":[{"id":7140,"href":"https:\/\/www.landac.com\/en\/wp-json\/wp\/v2\/pages\/2130\/revisions\/7140"}],"wp:attachment":[{"href":"https:\/\/www.landac.com\/en\/wp-json\/wp\/v2\/media?parent=2130"}],"curies":[{"name":"wp","href":"https:\/\/api.w.org\/{rel}","templated":true}]}}