{"id":227,"date":"2015-12-17T18:02:45","date_gmt":"2015-12-17T18:02:45","guid":{"rendered":"https:\/\/www.landac.com\/en\/?page_id=227"},"modified":"2021-09-06T11:30:40","modified_gmt":"2021-09-06T11:30:40","slug":"the-firm","status":"publish","type":"page","link":"https:\/\/www.landac.com\/en\/","title":{"rendered":"Homepage"},"content":{"rendered":"<p><strong>Lawyers &amp; Accountants<\/strong> is a made up of a broad, consolidated team of experts who are committed and focused towards the client, with over 10 years of experience working with Spanish and international companies in the tax, accounting and labour fields.<\/p>\n<p>At <strong>Lawyers &amp; Accountants<\/strong>, we work in permanent and close contact with our clients, allowing us to perform a better analysis of their needs and opportunities.<\/p>\n<p>We believe that continue training and motivation of our team are success drivers since they are our best asset.<\/p>\n<p>The excellence of our work is guaranteed though our teamwork, ability to take on responsibilities as well as the use of cutting-edge technologies.<\/p>\n","protected":false},"excerpt":{"rendered":"<p>Lawyers &amp; Accountants is a made up of a broad, consolidated team of experts who are committed and focused towards the client, with over 10 years of experience working with Spanish and international companies in the tax, accounting and labour fields. At Lawyers &amp; Accountants, we work in permanent and close contact with our clients, [&hellip;]<\/p>\n","protected":false},"author":1,"featured_media":0,"parent":0,"menu_order":0,"comment_status":"closed","ping_status":"closed","template":"","meta":{"_acf_changed":false,"footnotes":""},"acf":[],"yoast_head":"<!-- This site is optimized with the Yoast SEO plugin v23.5 - https:\/\/yoast.com\/wordpress\/plugins\/seo\/ -->\n<title>International Advice in Madrid | Lawyers &amp; Accountants<\/title>\n<meta name=\"description\" content=\"Lawyers and Accountants is one of Madrid\u2019s top law firms with expertise in tax advisor, legal consultant, employment lawyers, payroll services, off-the-shelf company. Contact us today \u2013 to discuss how we can help your business grow.\" \/>\n<meta name=\"robots\" content=\"index, follow, max-snippet:-1, max-image-preview:large, max-video-preview:-1\" \/>\n<link rel=\"canonical\" href=\"https:\/\/www.landac.com\/en\/\" \/>\n<meta property=\"og:locale\" content=\"en_US\" \/>\n<meta property=\"og:type\" content=\"article\" \/>\n<meta property=\"og:title\" content=\"International Advice in Madrid | Lawyers &amp; Accountants\" \/>\n<meta property=\"og:description\" content=\"Lawyers and Accountants is one of Madrid\u2019s top law firms with expertise in tax advisor, legal consultant, employment lawyers, payroll services, off-the-shelf company. Contact us today \u2013 to discuss how we can help your business grow.\" \/>\n<meta property=\"og:url\" content=\"https:\/\/www.landac.com\/en\/\" \/>\n<meta property=\"og:site_name\" content=\"Lawyers &amp; Accountants\" \/>\n<meta property=\"article:publisher\" content=\"https:\/\/www.facebook.com\/LawyersandAccountants\" \/>\n<meta property=\"article:modified_time\" content=\"2021-09-06T11:30:40+00:00\" \/>\n<meta property=\"og:image\" content=\"https:\/\/www.landac.com\/wp-content\/uploads\/2020\/09\/asesoria-internacional-lawyers-and-accountants-madrid.jpg\" \/>\n\t<meta property=\"og:image:width\" content=\"1280\" \/>\n\t<meta property=\"og:image:height\" content=\"720\" \/>\n\t<meta property=\"og:image:type\" content=\"image\/jpeg\" \/>\n<meta name=\"twitter:card\" content=\"summary_large_image\" \/>\n<meta name=\"twitter:site\" content=\"@Landac_asesoria\" \/>\n<meta name=\"twitter:label1\" content=\"Est. reading time\" \/>\n\t<meta name=\"twitter:data1\" content=\"1 minute\" \/>\n<script type=\"application\/ld+json\" class=\"yoast-schema-graph\">{\"@context\":\"https:\/\/schema.org\",\"@graph\":[{\"@type\":\"WebPage\",\"@id\":\"https:\/\/www.landac.com\/en\/\",\"url\":\"https:\/\/www.landac.com\/en\/\",\"name\":\"International Advice in Madrid | Lawyers &amp; Accountants\",\"isPartOf\":{\"@id\":\"https:\/\/www.landac.com\/#website\"},\"datePublished\":\"2015-12-17T18:02:45+00:00\",\"dateModified\":\"2021-09-06T11:30:40+00:00\",\"description\":\"Lawyers and Accountants is one of Madrid\u2019s top law firms with expertise in tax advisor, legal consultant, employment lawyers, payroll services, off-the-shelf company. Contact us today \u2013 to discuss how we can help your business grow.\",\"breadcrumb\":{\"@id\":\"https:\/\/www.landac.com\/en\/#breadcrumb\"},\"inLanguage\":\"en-US\",\"potentialAction\":[{\"@type\":\"ReadAction\",\"target\":[\"https:\/\/www.landac.com\/en\/\"]}]},{\"@type\":\"BreadcrumbList\",\"@id\":\"https:\/\/www.landac.com\/en\/#breadcrumb\",\"itemListElement\":[{\"@type\":\"ListItem\",\"position\":1,\"name\":\"Inicio\",\"item\":\"https:\/\/www.landac.com\/en\/\"},{\"@type\":\"ListItem\",\"position\":2,\"name\":\"Homepage\"}]},{\"@type\":\"WebSite\",\"@id\":\"https:\/\/www.landac.com\/#website\",\"url\":\"https:\/\/www.landac.com\/\",\"name\":\"Lawyers &amp; Accountants\",\"description\":\"Lawyers and Accountants Consultor\u00eda internacional m\u00e1s de 25 a\u00f1os de experiencia solucionando problemas\",\"publisher\":{\"@id\":\"https:\/\/www.landac.com\/#organization\"},\"alternateName\":\"Lawyers and Accountants, asesor\u00eda internacional\",\"potentialAction\":[{\"@type\":\"SearchAction\",\"target\":{\"@type\":\"EntryPoint\",\"urlTemplate\":\"https:\/\/www.landac.com\/?s={search_term_string}\"},\"query-input\":{\"@type\":\"PropertyValueSpecification\",\"valueRequired\":true,\"valueName\":\"search_term_string\"}}],\"inLanguage\":\"en-US\"},{\"@type\":\"Organization\",\"@id\":\"https:\/\/www.landac.com\/#organization\",\"name\":\"Lawyers & Accountants\",\"alternateName\":\"Lawyers & Accountants\",\"url\":\"https:\/\/www.landac.com\/\",\"logo\":{\"@type\":\"ImageObject\",\"inLanguage\":\"en-US\",\"@id\":\"https:\/\/www.landac.com\/#\/schema\/logo\/image\/\",\"url\":\"https:\/\/www.landac.com\/wp-content\/uploads\/2020\/06\/gestoria-lowyers-and-accountants.jpg\",\"contentUrl\":\"https:\/\/www.landac.com\/wp-content\/uploads\/2020\/06\/gestoria-lowyers-and-accountants.jpg\",\"width\":992,\"height\":237,\"caption\":\"Lawyers & Accountants\"},\"image\":{\"@id\":\"https:\/\/www.landac.com\/#\/schema\/logo\/image\/\"},\"sameAs\":[\"https:\/\/www.facebook.com\/LawyersandAccountants\",\"https:\/\/x.com\/Landac_asesoria\",\"https:\/\/www.linkedin.com\/company\/lawyers-&amp;-accountants-asesor\u00eda-internacional\",\"https:\/\/www.youtube.com\/channel\/UC1otoKuvs5moN1C4XnzLLGg\"]}]}<\/script>\n<!-- \/ Yoast SEO plugin. -->","yoast_head_json":{"title":"International Advice in Madrid | Lawyers &amp; Accountants","description":"Lawyers and Accountants is one of Madrid\u2019s top law firms with expertise in tax advisor, legal consultant, employment lawyers, payroll services, off-the-shelf company. Contact us today \u2013 to discuss how we can help your business grow.","robots":{"index":"index","follow":"follow","max-snippet":"max-snippet:-1","max-image-preview":"max-image-preview:large","max-video-preview":"max-video-preview:-1"},"canonical":"https:\/\/www.landac.com\/en\/","og_locale":"en_US","og_type":"article","og_title":"International Advice in Madrid | Lawyers &amp; Accountants","og_description":"Lawyers and Accountants is one of Madrid\u2019s top law firms with expertise in tax advisor, legal consultant, employment lawyers, payroll services, off-the-shelf company. Contact us today \u2013 to discuss how we can help your business grow.","og_url":"https:\/\/www.landac.com\/en\/","og_site_name":"Lawyers &amp; Accountants","article_publisher":"https:\/\/www.facebook.com\/LawyersandAccountants","article_modified_time":"2021-09-06T11:30:40+00:00","og_image":[{"width":1280,"height":720,"url":"https:\/\/www.landac.com\/wp-content\/uploads\/2020\/09\/asesoria-internacional-lawyers-and-accountants-madrid.jpg","type":"image\/jpeg"}],"twitter_card":"summary_large_image","twitter_site":"@Landac_asesoria","twitter_misc":{"Est. reading time":"1 minute"},"schema":{"@context":"https:\/\/schema.org","@graph":[{"@type":"WebPage","@id":"https:\/\/www.landac.com\/en\/","url":"https:\/\/www.landac.com\/en\/","name":"International Advice in Madrid | Lawyers &amp; Accountants","isPartOf":{"@id":"https:\/\/www.landac.com\/#website"},"datePublished":"2015-12-17T18:02:45+00:00","dateModified":"2021-09-06T11:30:40+00:00","description":"Lawyers and Accountants is one of Madrid\u2019s top law firms with expertise in tax advisor, legal consultant, employment lawyers, payroll services, off-the-shelf company. Contact us today \u2013 to discuss how we can help your business grow.","breadcrumb":{"@id":"https:\/\/www.landac.com\/en\/#breadcrumb"},"inLanguage":"en-US","potentialAction":[{"@type":"ReadAction","target":["https:\/\/www.landac.com\/en\/"]}]},{"@type":"BreadcrumbList","@id":"https:\/\/www.landac.com\/en\/#breadcrumb","itemListElement":[{"@type":"ListItem","position":1,"name":"Inicio","item":"https:\/\/www.landac.com\/en\/"},{"@type":"ListItem","position":2,"name":"Homepage"}]},{"@type":"WebSite","@id":"https:\/\/www.landac.com\/#website","url":"https:\/\/www.landac.com\/","name":"Lawyers &amp; Accountants","description":"Lawyers and Accountants Consultor\u00eda internacional m\u00e1s de 25 a\u00f1os de experiencia solucionando problemas","publisher":{"@id":"https:\/\/www.landac.com\/#organization"},"alternateName":"Lawyers and Accountants, asesor\u00eda internacional","potentialAction":[{"@type":"SearchAction","target":{"@type":"EntryPoint","urlTemplate":"https:\/\/www.landac.com\/?s={search_term_string}"},"query-input":{"@type":"PropertyValueSpecification","valueRequired":true,"valueName":"search_term_string"}}],"inLanguage":"en-US"},{"@type":"Organization","@id":"https:\/\/www.landac.com\/#organization","name":"Lawyers & Accountants","alternateName":"Lawyers & Accountants","url":"https:\/\/www.landac.com\/","logo":{"@type":"ImageObject","inLanguage":"en-US","@id":"https:\/\/www.landac.com\/#\/schema\/logo\/image\/","url":"https:\/\/www.landac.com\/wp-content\/uploads\/2020\/06\/gestoria-lowyers-and-accountants.jpg","contentUrl":"https:\/\/www.landac.com\/wp-content\/uploads\/2020\/06\/gestoria-lowyers-and-accountants.jpg","width":992,"height":237,"caption":"Lawyers & Accountants"},"image":{"@id":"https:\/\/www.landac.com\/#\/schema\/logo\/image\/"},"sameAs":["https:\/\/www.facebook.com\/LawyersandAccountants","https:\/\/x.com\/Landac_asesoria","https:\/\/www.linkedin.com\/company\/lawyers-&amp;-accountants-asesor\u00eda-internacional","https:\/\/www.youtube.com\/channel\/UC1otoKuvs5moN1C4XnzLLGg"]}]}},"_links":{"self":[{"href":"https:\/\/www.landac.com\/en\/wp-json\/wp\/v2\/pages\/227"}],"collection":[{"href":"https:\/\/www.landac.com\/en\/wp-json\/wp\/v2\/pages"}],"about":[{"href":"https:\/\/www.landac.com\/en\/wp-json\/wp\/v2\/types\/page"}],"author":[{"embeddable":true,"href":"https:\/\/www.landac.com\/en\/wp-json\/wp\/v2\/users\/1"}],"replies":[{"embeddable":true,"href":"https:\/\/www.landac.com\/en\/wp-json\/wp\/v2\/comments?post=227"}],"version-history":[{"count":17,"href":"https:\/\/www.landac.com\/en\/wp-json\/wp\/v2\/pages\/227\/revisions"}],"predecessor-version":[{"id":4735,"href":"https:\/\/www.landac.com\/en\/wp-json\/wp\/v2\/pages\/227\/revisions\/4735"}],"wp:attachment":[{"href":"https:\/\/www.landac.com\/en\/wp-json\/wp\/v2\/media?parent=227"}],"curies":[{"name":"wp","href":"https:\/\/api.w.org\/{rel}","templated":true}]}}