{"id":350,"date":"2015-12-11T12:03:44","date_gmt":"2015-12-11T12:03:44","guid":{"rendered":"https:\/\/www.landac.com\/fr\/la-firma\/"},"modified":"2021-12-24T06:11:40","modified_gmt":"2021-12-24T06:11:40","slug":"home","status":"publish","type":"page","link":"https:\/\/www.landac.com\/fr\/","title":{"rendered":"Accueil"},"content":{"rendered":"<p>Au sein de la soci\u00e9t\u00e9 Lawyers &amp; Accountants (Landac) International Consulting, nous fournissons des services professionnels principalement aux entreprises nationales et \u00e9trang\u00e8res, en mettant \u00e0 leur disposition une infrastructure technique et un personnel hautement qualifi\u00e9 ayant plus de 20 ans d&rsquo;exp\u00e9rience.<\/p>\n<p>Les entreprises nationales et internationales trouvent dans notre cabinet le meilleur soutien et les meilleurs services pour administrer et g\u00e9rer leurs projets. Optimisez la gestion de votre entreprise en faisant appel aux meilleurs professionnels.<\/p>\n<p>Le travail d&rsquo;\u00e9quipe, la responsabilit\u00e9, l&rsquo;\u00e9thique professionnelle et la formation continue, ainsi que l&rsquo;utilisation des techniques et des outils de gestion d&rsquo;entreprise les plus avanc\u00e9s, garantissent l&rsquo;excellence de notre travail.<\/p>\n","protected":false},"excerpt":{"rendered":"<p>Au sein de la soci\u00e9t\u00e9 Lawyers &amp; Accountants (Landac) International Consulting, nous fournissons des services professionnels principalement aux entreprises nationales et \u00e9trang\u00e8res, en mettant \u00e0 leur disposition une infrastructure technique et un personnel hautement qualifi\u00e9 ayant plus de 20 ans d&rsquo;exp\u00e9rience. Les entreprises nationales et internationales trouvent dans notre cabinet le meilleur soutien et les [&hellip;]<\/p>\n","protected":false},"author":1,"featured_media":0,"parent":0,"menu_order":0,"comment_status":"closed","ping_status":"closed","template":"","meta":{"_acf_changed":false,"footnotes":""},"acf":[],"yoast_head":"<!-- This site is optimized with the Yoast SEO plugin v23.5 - https:\/\/yoast.com\/wordpress\/plugins\/seo\/ -->\n<title>Cabinet d&#039;avocat \u00e0 Madrid | Lawyers &amp; Accountants<\/title>\n<meta name=\"description\" content=\"Sp\u00e9cialistes en assistance juridique pour le Droit des affaires, Cr\u00e9ation d\u2019entreprise, Responsabilit\u00e9, Fiscalit\u00e9, Contrats, Droit du travail. \u260e (+34) 91 564 32 94 clientes@landac.com\" \/>\n<meta name=\"robots\" content=\"index, follow, max-snippet:-1, max-image-preview:large, max-video-preview:-1\" \/>\n<link rel=\"canonical\" href=\"https:\/\/www.landac.com\/fr\/\" \/>\n<meta property=\"og:locale\" content=\"fr_FR\" \/>\n<meta property=\"og:type\" content=\"article\" \/>\n<meta property=\"og:title\" content=\"Cabinet d&#039;avocat \u00e0 Madrid | Lawyers &amp; Accountants\" \/>\n<meta property=\"og:description\" content=\"Sp\u00e9cialistes en assistance juridique pour le Droit des affaires, Cr\u00e9ation d\u2019entreprise, Responsabilit\u00e9, Fiscalit\u00e9, Contrats, Droit du travail. \u260e (+34) 91 564 32 94 clientes@landac.com\" \/>\n<meta property=\"og:url\" content=\"https:\/\/www.landac.com\/fr\/\" \/>\n<meta property=\"og:site_name\" content=\"Lawyers &amp; Accountants\" \/>\n<meta property=\"article:publisher\" content=\"https:\/\/www.facebook.com\/LawyersandAccountants\" \/>\n<meta property=\"article:modified_time\" content=\"2021-12-24T06:11:40+00:00\" \/>\n<meta property=\"og:image\" content=\"https:\/\/www.landac.com\/wp-content\/uploads\/2020\/09\/asesoria-internacional-lawyers-and-accountants-madrid.jpg\" \/>\n\t<meta property=\"og:image:width\" content=\"1280\" \/>\n\t<meta property=\"og:image:height\" content=\"720\" \/>\n\t<meta property=\"og:image:type\" content=\"image\/jpeg\" \/>\n<meta name=\"twitter:card\" content=\"summary_large_image\" \/>\n<meta name=\"twitter:site\" content=\"@Landac_asesoria\" \/>\n<meta name=\"twitter:label1\" content=\"Dur\u00e9e de lecture estim\u00e9e\" \/>\n\t<meta name=\"twitter:data1\" content=\"1 minute\" \/>\n<script type=\"application\/ld+json\" class=\"yoast-schema-graph\">{\"@context\":\"https:\/\/schema.org\",\"@graph\":[{\"@type\":\"WebPage\",\"@id\":\"https:\/\/www.landac.com\/fr\/\",\"url\":\"https:\/\/www.landac.com\/fr\/\",\"name\":\"Cabinet d'avocat \u00e0 Madrid | Lawyers &amp; Accountants\",\"isPartOf\":{\"@id\":\"https:\/\/www.landac.com\/#website\"},\"datePublished\":\"2015-12-11T12:03:44+00:00\",\"dateModified\":\"2021-12-24T06:11:40+00:00\",\"description\":\"Sp\u00e9cialistes en assistance juridique pour le Droit des affaires, Cr\u00e9ation d\u2019entreprise, Responsabilit\u00e9, Fiscalit\u00e9, Contrats, Droit du travail. \u260e (+34) 91 564 32 94 clientes@landac.com\",\"breadcrumb\":{\"@id\":\"https:\/\/www.landac.com\/fr\/#breadcrumb\"},\"inLanguage\":\"fr-FR\",\"potentialAction\":[{\"@type\":\"ReadAction\",\"target\":[\"https:\/\/www.landac.com\/fr\/\"]}]},{\"@type\":\"BreadcrumbList\",\"@id\":\"https:\/\/www.landac.com\/fr\/#breadcrumb\",\"itemListElement\":[{\"@type\":\"ListItem\",\"position\":1,\"name\":\"Inicio\",\"item\":\"https:\/\/www.landac.com\/fr\/\"},{\"@type\":\"ListItem\",\"position\":2,\"name\":\"Accueil\"}]},{\"@type\":\"WebSite\",\"@id\":\"https:\/\/www.landac.com\/#website\",\"url\":\"https:\/\/www.landac.com\/\",\"name\":\"Lawyers &amp; Accountants\",\"description\":\"Asesor\u00eda Internacional. Especialistas en fisclidad, contabilidad, asesor\u00eda jur\u00eddica, venta de sociedades urgentes\",\"publisher\":{\"@id\":\"https:\/\/www.landac.com\/#organization\"},\"alternateName\":\"Lawyers and Accountants, asesor\u00eda internacional\",\"potentialAction\":[{\"@type\":\"SearchAction\",\"target\":{\"@type\":\"EntryPoint\",\"urlTemplate\":\"https:\/\/www.landac.com\/?s={search_term_string}\"},\"query-input\":{\"@type\":\"PropertyValueSpecification\",\"valueRequired\":true,\"valueName\":\"search_term_string\"}}],\"inLanguage\":\"fr-FR\"},{\"@type\":\"Organization\",\"@id\":\"https:\/\/www.landac.com\/#organization\",\"name\":\"Lawyers & Accountants\",\"alternateName\":\"Lawyers & Accountants\",\"url\":\"https:\/\/www.landac.com\/\",\"logo\":{\"@type\":\"ImageObject\",\"inLanguage\":\"fr-FR\",\"@id\":\"https:\/\/www.landac.com\/#\/schema\/logo\/image\/\",\"url\":\"https:\/\/www.landac.com\/wp-content\/uploads\/2020\/06\/gestoria-lowyers-and-accountants.jpg\",\"contentUrl\":\"https:\/\/www.landac.com\/wp-content\/uploads\/2020\/06\/gestoria-lowyers-and-accountants.jpg\",\"width\":992,\"height\":237,\"caption\":\"Lawyers & Accountants\"},\"image\":{\"@id\":\"https:\/\/www.landac.com\/#\/schema\/logo\/image\/\"},\"sameAs\":[\"https:\/\/www.facebook.com\/LawyersandAccountants\",\"https:\/\/x.com\/Landac_asesoria\",\"https:\/\/www.linkedin.com\/company\/lawyers-&amp;-accountants-asesor\u00eda-internacional\",\"https:\/\/www.youtube.com\/channel\/UC1otoKuvs5moN1C4XnzLLGg\"]}]}<\/script>\n<!-- \/ Yoast SEO plugin. -->","yoast_head_json":{"title":"Cabinet d'avocat \u00e0 Madrid | Lawyers &amp; Accountants","description":"Sp\u00e9cialistes en assistance juridique pour le Droit des affaires, Cr\u00e9ation d\u2019entreprise, Responsabilit\u00e9, Fiscalit\u00e9, Contrats, Droit du travail. \u260e (+34) 91 564 32 94 clientes@landac.com","robots":{"index":"index","follow":"follow","max-snippet":"max-snippet:-1","max-image-preview":"max-image-preview:large","max-video-preview":"max-video-preview:-1"},"canonical":"https:\/\/www.landac.com\/fr\/","og_locale":"fr_FR","og_type":"article","og_title":"Cabinet d'avocat \u00e0 Madrid | Lawyers &amp; Accountants","og_description":"Sp\u00e9cialistes en assistance juridique pour le Droit des affaires, Cr\u00e9ation d\u2019entreprise, Responsabilit\u00e9, Fiscalit\u00e9, Contrats, Droit du travail. \u260e (+34) 91 564 32 94 clientes@landac.com","og_url":"https:\/\/www.landac.com\/fr\/","og_site_name":"Lawyers &amp; Accountants","article_publisher":"https:\/\/www.facebook.com\/LawyersandAccountants","article_modified_time":"2021-12-24T06:11:40+00:00","og_image":[{"width":1280,"height":720,"url":"https:\/\/www.landac.com\/wp-content\/uploads\/2020\/09\/asesoria-internacional-lawyers-and-accountants-madrid.jpg","type":"image\/jpeg"}],"twitter_card":"summary_large_image","twitter_site":"@Landac_asesoria","twitter_misc":{"Dur\u00e9e de lecture estim\u00e9e":"1 minute"},"schema":{"@context":"https:\/\/schema.org","@graph":[{"@type":"WebPage","@id":"https:\/\/www.landac.com\/fr\/","url":"https:\/\/www.landac.com\/fr\/","name":"Cabinet d'avocat \u00e0 Madrid | Lawyers &amp; Accountants","isPartOf":{"@id":"https:\/\/www.landac.com\/#website"},"datePublished":"2015-12-11T12:03:44+00:00","dateModified":"2021-12-24T06:11:40+00:00","description":"Sp\u00e9cialistes en assistance juridique pour le Droit des affaires, Cr\u00e9ation d\u2019entreprise, Responsabilit\u00e9, Fiscalit\u00e9, Contrats, Droit du travail. \u260e (+34) 91 564 32 94 clientes@landac.com","breadcrumb":{"@id":"https:\/\/www.landac.com\/fr\/#breadcrumb"},"inLanguage":"fr-FR","potentialAction":[{"@type":"ReadAction","target":["https:\/\/www.landac.com\/fr\/"]}]},{"@type":"BreadcrumbList","@id":"https:\/\/www.landac.com\/fr\/#breadcrumb","itemListElement":[{"@type":"ListItem","position":1,"name":"Inicio","item":"https:\/\/www.landac.com\/fr\/"},{"@type":"ListItem","position":2,"name":"Accueil"}]},{"@type":"WebSite","@id":"https:\/\/www.landac.com\/#website","url":"https:\/\/www.landac.com\/","name":"Lawyers &amp; Accountants","description":"Asesor\u00eda Internacional. Especialistas en fisclidad, contabilidad, asesor\u00eda jur\u00eddica, venta de sociedades urgentes","publisher":{"@id":"https:\/\/www.landac.com\/#organization"},"alternateName":"Lawyers and Accountants, asesor\u00eda internacional","potentialAction":[{"@type":"SearchAction","target":{"@type":"EntryPoint","urlTemplate":"https:\/\/www.landac.com\/?s={search_term_string}"},"query-input":{"@type":"PropertyValueSpecification","valueRequired":true,"valueName":"search_term_string"}}],"inLanguage":"fr-FR"},{"@type":"Organization","@id":"https:\/\/www.landac.com\/#organization","name":"Lawyers & Accountants","alternateName":"Lawyers & Accountants","url":"https:\/\/www.landac.com\/","logo":{"@type":"ImageObject","inLanguage":"fr-FR","@id":"https:\/\/www.landac.com\/#\/schema\/logo\/image\/","url":"https:\/\/www.landac.com\/wp-content\/uploads\/2020\/06\/gestoria-lowyers-and-accountants.jpg","contentUrl":"https:\/\/www.landac.com\/wp-content\/uploads\/2020\/06\/gestoria-lowyers-and-accountants.jpg","width":992,"height":237,"caption":"Lawyers & Accountants"},"image":{"@id":"https:\/\/www.landac.com\/#\/schema\/logo\/image\/"},"sameAs":["https:\/\/www.facebook.com\/LawyersandAccountants","https:\/\/x.com\/Landac_asesoria","https:\/\/www.linkedin.com\/company\/lawyers-&amp;-accountants-asesor\u00eda-internacional","https:\/\/www.youtube.com\/channel\/UC1otoKuvs5moN1C4XnzLLGg"]}]}},"_links":{"self":[{"href":"https:\/\/www.landac.com\/fr\/wp-json\/wp\/v2\/pages\/350"}],"collection":[{"href":"https:\/\/www.landac.com\/fr\/wp-json\/wp\/v2\/pages"}],"about":[{"href":"https:\/\/www.landac.com\/fr\/wp-json\/wp\/v2\/types\/page"}],"author":[{"embeddable":true,"href":"https:\/\/www.landac.com\/fr\/wp-json\/wp\/v2\/users\/1"}],"replies":[{"embeddable":true,"href":"https:\/\/www.landac.com\/fr\/wp-json\/wp\/v2\/comments?post=350"}],"version-history":[{"count":41,"href":"https:\/\/www.landac.com\/fr\/wp-json\/wp\/v2\/pages\/350\/revisions"}],"predecessor-version":[{"id":6287,"href":"https:\/\/www.landac.com\/fr\/wp-json\/wp\/v2\/pages\/350\/revisions\/6287"}],"wp:attachment":[{"href":"https:\/\/www.landac.com\/fr\/wp-json\/wp\/v2\/media?parent=350"}],"curies":[{"name":"wp","href":"https:\/\/api.w.org\/{rel}","templated":true}]}}