{"id":5084,"date":"2021-01-15T15:50:05","date_gmt":"2021-01-15T15:50:05","guid":{"rendered":"https:\/\/www.landac.com\/?page_id=5084"},"modified":"2023-12-04T05:40:47","modified_gmt":"2023-12-04T05:40:47","slug":"mission-vision-et-valeurs-lawyers-and-accountants","status":"publish","type":"page","link":"https:\/\/www.landac.com\/fr\/mission-vision-et-valeurs-lawyers-and-accountants\/","title":{"rendered":"Mission, vision et valeurs"},"content":{"rendered":"\n<p><strong>Lawyers &amp; Accountants (Landac)<\/strong> est un cabinet de conseil en affaires international et int\u00e9gral, avec plus de 20 ans d\u2019exp\u00e9rience, sp\u00e9cialis\u00e9 en conseil fiscal, comptable, de Droit du travail, juridique, financier, international et l\u00e9galisation de documents.<\/p>\n\n\n\n<p>Nous fournissons des services professionnels destin\u00e9s aux entreprises nationales et internationales, mettant \u00e0 votre disposition une infrastructure technique et un personnel hautement qualifi\u00e9, multidisciplinaire et diversifi\u00e9. <\/p>\n\n\n\n<p>Chez Landac, vous trouverez le meilleur support et les meilleurs services pour administrer et g\u00e9rer votre entreprise avec efficacit\u00e9 et responsabilit\u00e9 soci\u00e9tale des entreprises!<\/p>\n\n\n\n<h2 class=\"wp-block-heading\">Mission<\/h2>\n\n\n\n<p>Notre mission est d&rsquo;apporter \u00e0 nos clients des solutions innovantes, responsables et efficaces en mati\u00e8re fiscal, comptable, de Droit du travail, sociale, juridique, financi\u00e8re et internationale et ainsi faciliter le d\u00e9veloppement de votre entreprise.<\/p>\n\n\n\n<h2 class=\"wp-block-heading\">Vision<\/h2>\n\n\n\n<p>Devenir le conseil international de r\u00e9f\u00e9rence, en apportant de la valeur et des solutions \u00e0 nos clients pour qu&rsquo;ils r\u00e9alisent des activit\u00e9s rentables, responsables et \u00e0 valeur diff\u00e9rentielle.<\/p>\n\n\n\n<h2 class=\"wp-block-heading\">Valeurs<\/h2>\n\n\n\n<ul>\n<li>Professionnalisme<\/li>\n\n\n\n<li>Engagement<\/li>\n\n\n\n<li>Confiance<\/li>\n\n\n\n<li>Innovation<\/li>\n\n\n\n<li>Ethique<\/li>\n\n\n\n<li>Diversit\u00e9<\/li>\n\n\n\n<li>\u00c9galit\u00e9 des chances<\/li>\n\n\n\n<li>Responsabilit\u00e9 soci\u00e9tale des entreprises<\/li>\n<\/ul>\n\n\n\n<p><\/p>\n","protected":false},"excerpt":{"rendered":"<p>Lawyers &amp; Accountants (Landac) est un cabinet de conseil en affaires international et int\u00e9gral, avec plus de 20 ans d\u2019exp\u00e9rience, sp\u00e9cialis\u00e9 en conseil fiscal, comptable, de Droit du travail, juridique, financier, international et l\u00e9galisation de documents. Nous fournissons des services professionnels destin\u00e9s aux entreprises nationales et internationales, mettant \u00e0 votre disposition une infrastructure technique et [&hellip;]<\/p>\n","protected":false},"author":1,"featured_media":0,"parent":0,"menu_order":0,"comment_status":"closed","ping_status":"closed","template":"","meta":{"_acf_changed":false,"footnotes":""},"acf":[],"yoast_head":"<!-- This site is optimized with the Yoast SEO plugin v23.5 - https:\/\/yoast.com\/wordpress\/plugins\/seo\/ -->\n<title>Mission, vision et valeurs | Lawyers &amp; Accountants<\/title>\n<meta name=\"description\" content=\"Lawyers and Accountants est un cabinet d&#039;avocats expert dans chaque domaine. 20 ans que nous grandissons ensemble. Cabinet d&#039;avocat \u00e0 Madrid Espagne. (+34) 91 564 32 94\" \/>\n<meta name=\"robots\" content=\"index, follow, max-snippet:-1, max-image-preview:large, max-video-preview:-1\" \/>\n<link rel=\"canonical\" href=\"https:\/\/www.landac.com\/fr\/mission-vision-et-valeurs-lawyers-and-accountants\/\" \/>\n<meta property=\"og:locale\" content=\"fr_FR\" \/>\n<meta property=\"og:type\" content=\"article\" \/>\n<meta property=\"og:title\" content=\"Mission, vision et valeurs - Lawyers and Accountants\" \/>\n<meta property=\"og:description\" content=\"Lawyers &amp; Accountants (Landac) est un cabinet de conseil en affaires international et int\u00e9gral, avec plus de 20 ans d\u2019exp\u00e9rience, sp\u00e9cialis\u00e9 en conseil fiscal, comptable, de Droit du travail, juridique, financier, international et l\u00e9galisation de documents. #LawyersandAccountants\" \/>\n<meta property=\"og:url\" content=\"https:\/\/www.landac.com\/fr\/mission-vision-et-valeurs-lawyers-and-accountants\/\" \/>\n<meta property=\"og:site_name\" content=\"Lawyers &amp; Accountants\" \/>\n<meta property=\"article:publisher\" content=\"https:\/\/www.facebook.com\/LawyersandAccountants\" \/>\n<meta property=\"article:modified_time\" content=\"2023-12-04T05:40:47+00:00\" \/>\n<meta property=\"og:image\" content=\"https:\/\/www.landac.com\/wp-content\/uploads\/2020\/09\/asesoria-internacional-lawyers-and-accountants-madrid.jpg\" \/>\n\t<meta property=\"og:image:width\" content=\"1280\" \/>\n\t<meta property=\"og:image:height\" content=\"720\" \/>\n\t<meta property=\"og:image:type\" content=\"image\/jpeg\" \/>\n<meta name=\"twitter:card\" content=\"summary_large_image\" \/>\n<meta name=\"twitter:description\" content=\"Lawyers &amp; Accountants (Landac) est un cabinet de conseil en affaires international et int\u00e9gral, avec plus de 20 ans d\u2019exp\u00e9rience, sp\u00e9cialis\u00e9 en conseil fiscal, comptable, de Droit du travail, juridique, financier, international et l\u00e9galisation de documents #avocatsamadrid\" \/>\n<meta name=\"twitter:site\" content=\"@Landac_asesoria\" \/>\n<meta name=\"twitter:label1\" content=\"Dur\u00e9e de lecture estim\u00e9e\" \/>\n\t<meta name=\"twitter:data1\" content=\"1 minute\" \/>\n<script type=\"application\/ld+json\" class=\"yoast-schema-graph\">{\"@context\":\"https:\/\/schema.org\",\"@graph\":[{\"@type\":\"WebPage\",\"@id\":\"https:\/\/www.landac.com\/fr\/mission-vision-et-valeurs-lawyers-and-accountants\/\",\"url\":\"https:\/\/www.landac.com\/fr\/mission-vision-et-valeurs-lawyers-and-accountants\/\",\"name\":\"Mission, vision et valeurs | Lawyers &amp; Accountants\",\"isPartOf\":{\"@id\":\"https:\/\/www.landac.com\/#website\"},\"datePublished\":\"2021-01-15T15:50:05+00:00\",\"dateModified\":\"2023-12-04T05:40:47+00:00\",\"description\":\"Lawyers and Accountants est un cabinet d'avocats expert dans chaque domaine. 20 ans que nous grandissons ensemble. Cabinet d'avocat \u00e0 Madrid Espagne. (+34) 91 564 32 94\",\"breadcrumb\":{\"@id\":\"https:\/\/www.landac.com\/fr\/mission-vision-et-valeurs-lawyers-and-accountants\/#breadcrumb\"},\"inLanguage\":\"fr-FR\",\"potentialAction\":[{\"@type\":\"ReadAction\",\"target\":[\"https:\/\/www.landac.com\/fr\/mission-vision-et-valeurs-lawyers-and-accountants\/\"]}]},{\"@type\":\"BreadcrumbList\",\"@id\":\"https:\/\/www.landac.com\/fr\/mission-vision-et-valeurs-lawyers-and-accountants\/#breadcrumb\",\"itemListElement\":[{\"@type\":\"ListItem\",\"position\":1,\"name\":\"Inicio\",\"item\":\"https:\/\/www.landac.com\/fr\/\"},{\"@type\":\"ListItem\",\"position\":2,\"name\":\"Mission, vision et valeurs\"}]},{\"@type\":\"WebSite\",\"@id\":\"https:\/\/www.landac.com\/#website\",\"url\":\"https:\/\/www.landac.com\/\",\"name\":\"Lawyers &amp; Accountants\",\"description\":\"Asesor\u00eda Internacional. Especialistas en fisclidad, contabilidad, asesor\u00eda jur\u00eddica, venta de sociedades urgentes\",\"publisher\":{\"@id\":\"https:\/\/www.landac.com\/#organization\"},\"alternateName\":\"Lawyers and Accountants, asesor\u00eda internacional\",\"potentialAction\":[{\"@type\":\"SearchAction\",\"target\":{\"@type\":\"EntryPoint\",\"urlTemplate\":\"https:\/\/www.landac.com\/?s={search_term_string}\"},\"query-input\":{\"@type\":\"PropertyValueSpecification\",\"valueRequired\":true,\"valueName\":\"search_term_string\"}}],\"inLanguage\":\"fr-FR\"},{\"@type\":\"Organization\",\"@id\":\"https:\/\/www.landac.com\/#organization\",\"name\":\"Lawyers & Accountants\",\"alternateName\":\"Lawyers & Accountants\",\"url\":\"https:\/\/www.landac.com\/\",\"logo\":{\"@type\":\"ImageObject\",\"inLanguage\":\"fr-FR\",\"@id\":\"https:\/\/www.landac.com\/#\/schema\/logo\/image\/\",\"url\":\"https:\/\/www.landac.com\/wp-content\/uploads\/2020\/06\/gestoria-lowyers-and-accountants.jpg\",\"contentUrl\":\"https:\/\/www.landac.com\/wp-content\/uploads\/2020\/06\/gestoria-lowyers-and-accountants.jpg\",\"width\":992,\"height\":237,\"caption\":\"Lawyers & Accountants\"},\"image\":{\"@id\":\"https:\/\/www.landac.com\/#\/schema\/logo\/image\/\"},\"sameAs\":[\"https:\/\/www.facebook.com\/LawyersandAccountants\",\"https:\/\/x.com\/Landac_asesoria\",\"https:\/\/www.linkedin.com\/company\/lawyers-&amp;-accountants-asesor\u00eda-internacional\",\"https:\/\/www.youtube.com\/channel\/UC1otoKuvs5moN1C4XnzLLGg\"]}]}<\/script>\n<!-- \/ Yoast SEO plugin. -->","yoast_head_json":{"title":"Mission, vision et valeurs | Lawyers &amp; Accountants","description":"Lawyers and Accountants est un cabinet d'avocats expert dans chaque domaine. 20 ans que nous grandissons ensemble. Cabinet d'avocat \u00e0 Madrid Espagne. (+34) 91 564 32 94","robots":{"index":"index","follow":"follow","max-snippet":"max-snippet:-1","max-image-preview":"max-image-preview:large","max-video-preview":"max-video-preview:-1"},"canonical":"https:\/\/www.landac.com\/fr\/mission-vision-et-valeurs-lawyers-and-accountants\/","og_locale":"fr_FR","og_type":"article","og_title":"Mission, vision et valeurs - Lawyers and Accountants","og_description":"Lawyers & Accountants (Landac) est un cabinet de conseil en affaires international et int\u00e9gral, avec plus de 20 ans d\u2019exp\u00e9rience, sp\u00e9cialis\u00e9 en conseil fiscal, comptable, de Droit du travail, juridique, financier, international et l\u00e9galisation de documents. #LawyersandAccountants","og_url":"https:\/\/www.landac.com\/fr\/mission-vision-et-valeurs-lawyers-and-accountants\/","og_site_name":"Lawyers &amp; Accountants","article_publisher":"https:\/\/www.facebook.com\/LawyersandAccountants","article_modified_time":"2023-12-04T05:40:47+00:00","og_image":[{"width":1280,"height":720,"url":"https:\/\/www.landac.com\/wp-content\/uploads\/2020\/09\/asesoria-internacional-lawyers-and-accountants-madrid.jpg","type":"image\/jpeg"}],"twitter_card":"summary_large_image","twitter_description":"Lawyers & Accountants (Landac) est un cabinet de conseil en affaires international et int\u00e9gral, avec plus de 20 ans d\u2019exp\u00e9rience, sp\u00e9cialis\u00e9 en conseil fiscal, comptable, de Droit du travail, juridique, financier, international et l\u00e9galisation de documents #avocatsamadrid","twitter_site":"@Landac_asesoria","twitter_misc":{"Dur\u00e9e de lecture estim\u00e9e":"1 minute"},"schema":{"@context":"https:\/\/schema.org","@graph":[{"@type":"WebPage","@id":"https:\/\/www.landac.com\/fr\/mission-vision-et-valeurs-lawyers-and-accountants\/","url":"https:\/\/www.landac.com\/fr\/mission-vision-et-valeurs-lawyers-and-accountants\/","name":"Mission, vision et valeurs | Lawyers &amp; Accountants","isPartOf":{"@id":"https:\/\/www.landac.com\/#website"},"datePublished":"2021-01-15T15:50:05+00:00","dateModified":"2023-12-04T05:40:47+00:00","description":"Lawyers and Accountants est un cabinet d'avocats expert dans chaque domaine. 20 ans que nous grandissons ensemble. Cabinet d'avocat \u00e0 Madrid Espagne. (+34) 91 564 32 94","breadcrumb":{"@id":"https:\/\/www.landac.com\/fr\/mission-vision-et-valeurs-lawyers-and-accountants\/#breadcrumb"},"inLanguage":"fr-FR","potentialAction":[{"@type":"ReadAction","target":["https:\/\/www.landac.com\/fr\/mission-vision-et-valeurs-lawyers-and-accountants\/"]}]},{"@type":"BreadcrumbList","@id":"https:\/\/www.landac.com\/fr\/mission-vision-et-valeurs-lawyers-and-accountants\/#breadcrumb","itemListElement":[{"@type":"ListItem","position":1,"name":"Inicio","item":"https:\/\/www.landac.com\/fr\/"},{"@type":"ListItem","position":2,"name":"Mission, vision et valeurs"}]},{"@type":"WebSite","@id":"https:\/\/www.landac.com\/#website","url":"https:\/\/www.landac.com\/","name":"Lawyers &amp; Accountants","description":"Asesor\u00eda Internacional. Especialistas en fisclidad, contabilidad, asesor\u00eda jur\u00eddica, venta de sociedades urgentes","publisher":{"@id":"https:\/\/www.landac.com\/#organization"},"alternateName":"Lawyers and Accountants, asesor\u00eda internacional","potentialAction":[{"@type":"SearchAction","target":{"@type":"EntryPoint","urlTemplate":"https:\/\/www.landac.com\/?s={search_term_string}"},"query-input":{"@type":"PropertyValueSpecification","valueRequired":true,"valueName":"search_term_string"}}],"inLanguage":"fr-FR"},{"@type":"Organization","@id":"https:\/\/www.landac.com\/#organization","name":"Lawyers & Accountants","alternateName":"Lawyers & Accountants","url":"https:\/\/www.landac.com\/","logo":{"@type":"ImageObject","inLanguage":"fr-FR","@id":"https:\/\/www.landac.com\/#\/schema\/logo\/image\/","url":"https:\/\/www.landac.com\/wp-content\/uploads\/2020\/06\/gestoria-lowyers-and-accountants.jpg","contentUrl":"https:\/\/www.landac.com\/wp-content\/uploads\/2020\/06\/gestoria-lowyers-and-accountants.jpg","width":992,"height":237,"caption":"Lawyers & Accountants"},"image":{"@id":"https:\/\/www.landac.com\/#\/schema\/logo\/image\/"},"sameAs":["https:\/\/www.facebook.com\/LawyersandAccountants","https:\/\/x.com\/Landac_asesoria","https:\/\/www.linkedin.com\/company\/lawyers-&amp;-accountants-asesor\u00eda-internacional","https:\/\/www.youtube.com\/channel\/UC1otoKuvs5moN1C4XnzLLGg"]}]}},"_links":{"self":[{"href":"https:\/\/www.landac.com\/fr\/wp-json\/wp\/v2\/pages\/5084"}],"collection":[{"href":"https:\/\/www.landac.com\/fr\/wp-json\/wp\/v2\/pages"}],"about":[{"href":"https:\/\/www.landac.com\/fr\/wp-json\/wp\/v2\/types\/page"}],"author":[{"embeddable":true,"href":"https:\/\/www.landac.com\/fr\/wp-json\/wp\/v2\/users\/1"}],"replies":[{"embeddable":true,"href":"https:\/\/www.landac.com\/fr\/wp-json\/wp\/v2\/comments?post=5084"}],"version-history":[{"count":7,"href":"https:\/\/www.landac.com\/fr\/wp-json\/wp\/v2\/pages\/5084\/revisions"}],"predecessor-version":[{"id":7142,"href":"https:\/\/www.landac.com\/fr\/wp-json\/wp\/v2\/pages\/5084\/revisions\/7142"}],"wp:attachment":[{"href":"https:\/\/www.landac.com\/fr\/wp-json\/wp\/v2\/media?parent=5084"}],"curies":[{"name":"wp","href":"https:\/\/api.w.org\/{rel}","templated":true}]}}