{"id":5089,"date":"2021-01-15T16:09:30","date_gmt":"2021-01-15T16:09:30","guid":{"rendered":"https:\/\/www.landac.com\/?page_id=5089"},"modified":"2021-01-25T10:29:01","modified_gmt":"2021-01-25T10:29:01","slug":"responsabilite-societale-des-entreprises","status":"publish","type":"page","link":"https:\/\/www.landac.com\/fr\/responsabilite-societale-des-entreprises\/","title":{"rendered":"Responsabilit\u00e9 soci\u00e9tale des entreprises"},"content":{"rendered":"\n<p>Mod\u00e8le de gestion strat\u00e9gique<\/p>\n\n\n\n<p>Chez&nbsp;Lawyers &amp; Accountants&nbsp;(Landac), nous comprenons&nbsp;la responsabilit\u00e9 soci\u00e9tale des&nbsp;entreprises (RSE) comme un mod\u00e8le de gestion strat\u00e9gique ax\u00e9 sur l\u2019am\u00e9lioration des relations avec les parties prenantes ou stakeholders (travailleurs, actionnaires, fournisseurs, clients, gouvernements, concurrents, entre autres).<\/p>\n\n\n\n<p>Les axes strat\u00e9giques de la RSE de Lawyers and Accountants sont les suivants :<\/p>\n\n\n\n<ul><li>Orientation au client externe<\/li><li>Bien-\u00eatre interne de la client\u00e8le (nos employ\u00e9s)<\/li><li>\u00c9thique et professionnalisme<\/li><li>Diversit\u00e9 et \u00e9galit\u00e9 des chances<\/li><\/ul>\n\n\n\n<p>Ces axes strat\u00e9giques, ainsi que la transparence et le dialogue avec les parties prenantes, sont des \u00e9l\u00e9ments diff\u00e9renciateurs, qui ont fait de Lawyers and Accountants un exemple d&rsquo;organisation responsable.<\/p>\n\n\n\n<p>En ce sens, nous avons d\u00e9velopp\u00e9 diverses activit\u00e9s qui promeuvent la responsabilit\u00e9 soci\u00e9tale des entreprises avec les diff\u00e9rentes parties prenantes, notamment :<\/p>\n\n\n\n<ul><li>Am\u00e9liorer la diversit\u00e9 et l\u2019\u00e9galit\u00e9 des chances<\/li><li>Offrir des conseils gratuits dans les domaines de notre sp\u00e9cialisation<\/li><li>Faire des contributions ou collaborer avec les ONG<\/li><li>Travailler avec des fournisseurs sensibilis\u00e9s \u00e0 la responsabilit\u00e9 soci\u00e9tale des entreprises<\/li><li>Fournir un conseil responsable et efficace \u00e0 nos clients<\/li><\/ul>\n\n\n\n<p><strong>Chez Lawyers and Accountants<\/strong> nous voulons aider \u00e0 produire des organisations saines, responsables et rentables Joignez-vous.<\/p>\n","protected":false},"excerpt":{"rendered":"<p>Mod\u00e8le de gestion strat\u00e9gique Chez&nbsp;Lawyers &amp; Accountants&nbsp;(Landac), nous comprenons&nbsp;la responsabilit\u00e9 soci\u00e9tale des&nbsp;entreprises (RSE) comme un mod\u00e8le de gestion strat\u00e9gique ax\u00e9 sur l\u2019am\u00e9lioration des relations avec les parties prenantes ou stakeholders (travailleurs, actionnaires, fournisseurs, clients, gouvernements, concurrents, entre autres). Les axes strat\u00e9giques de la RSE de Lawyers and Accountants sont les suivants : Orientation au client [&hellip;]<\/p>\n","protected":false},"author":1,"featured_media":0,"parent":0,"menu_order":0,"comment_status":"closed","ping_status":"closed","template":"","meta":{"_acf_changed":false,"footnotes":""},"acf":[],"yoast_head":"<!-- This site is optimized with the Yoast SEO plugin v23.5 - https:\/\/yoast.com\/wordpress\/plugins\/seo\/ -->\n<title>Responsabilit\u00e9 soci\u00e9tale des entreprises | Lawyers &amp; Accountants<\/title>\n<meta name=\"description\" content=\"Chez Lawyers and Accountants nous voulons aider \u00e0 produire des organisations saines, responsables et rentables Joignez-vous! (+34) 91 564 32 94\" \/>\n<meta name=\"robots\" content=\"index, follow, max-snippet:-1, max-image-preview:large, max-video-preview:-1\" \/>\n<link rel=\"canonical\" href=\"https:\/\/www.landac.com\/fr\/responsabilite-societale-des-entreprises\/\" \/>\n<meta property=\"og:locale\" content=\"fr_FR\" \/>\n<meta property=\"og:type\" content=\"article\" \/>\n<meta property=\"og:title\" content=\"Responsabilit\u00e9 soci\u00e9tale des entreprises | Lawyers &amp; Accountants\" \/>\n<meta property=\"og:description\" content=\"Chez Lawyers and Accountants nous voulons aider \u00e0 produire des organisations saines, responsables et rentables Joignez-vous! (+34) 91 564 32 94\" \/>\n<meta property=\"og:url\" content=\"https:\/\/www.landac.com\/fr\/responsabilite-societale-des-entreprises\/\" \/>\n<meta property=\"og:site_name\" content=\"Lawyers &amp; Accountants\" \/>\n<meta property=\"article:publisher\" content=\"https:\/\/www.facebook.com\/LawyersandAccountants\" \/>\n<meta property=\"article:modified_time\" content=\"2021-01-25T10:29:01+00:00\" \/>\n<meta property=\"og:image\" content=\"https:\/\/www.landac.com\/wp-content\/uploads\/2020\/09\/asesoria-internacional-lawyers-and-accountants-madrid.jpg\" \/>\n\t<meta property=\"og:image:width\" content=\"1280\" \/>\n\t<meta property=\"og:image:height\" content=\"720\" \/>\n\t<meta property=\"og:image:type\" content=\"image\/jpeg\" \/>\n<meta name=\"twitter:card\" content=\"summary_large_image\" \/>\n<meta name=\"twitter:site\" content=\"@Landac_asesoria\" \/>\n<meta name=\"twitter:label1\" content=\"Dur\u00e9e de lecture estim\u00e9e\" \/>\n\t<meta name=\"twitter:data1\" content=\"1 minute\" \/>\n<script type=\"application\/ld+json\" class=\"yoast-schema-graph\">{\"@context\":\"https:\/\/schema.org\",\"@graph\":[{\"@type\":\"WebPage\",\"@id\":\"https:\/\/www.landac.com\/fr\/responsabilite-societale-des-entreprises\/\",\"url\":\"https:\/\/www.landac.com\/fr\/responsabilite-societale-des-entreprises\/\",\"name\":\"Responsabilit\u00e9 soci\u00e9tale des entreprises | Lawyers &amp; Accountants\",\"isPartOf\":{\"@id\":\"https:\/\/www.landac.com\/#website\"},\"datePublished\":\"2021-01-15T16:09:30+00:00\",\"dateModified\":\"2021-01-25T10:29:01+00:00\",\"description\":\"Chez Lawyers and Accountants nous voulons aider \u00e0 produire des organisations saines, responsables et rentables Joignez-vous! (+34) 91 564 32 94\",\"breadcrumb\":{\"@id\":\"https:\/\/www.landac.com\/fr\/responsabilite-societale-des-entreprises\/#breadcrumb\"},\"inLanguage\":\"fr-FR\",\"potentialAction\":[{\"@type\":\"ReadAction\",\"target\":[\"https:\/\/www.landac.com\/fr\/responsabilite-societale-des-entreprises\/\"]}]},{\"@type\":\"BreadcrumbList\",\"@id\":\"https:\/\/www.landac.com\/fr\/responsabilite-societale-des-entreprises\/#breadcrumb\",\"itemListElement\":[{\"@type\":\"ListItem\",\"position\":1,\"name\":\"Inicio\",\"item\":\"https:\/\/www.landac.com\/fr\/\"},{\"@type\":\"ListItem\",\"position\":2,\"name\":\"Responsabilit\u00e9 soci\u00e9tale des entreprises\"}]},{\"@type\":\"WebSite\",\"@id\":\"https:\/\/www.landac.com\/#website\",\"url\":\"https:\/\/www.landac.com\/\",\"name\":\"Lawyers &amp; Accountants\",\"description\":\"Asesor\u00eda Internacional. Especialistas en fisclidad, contabilidad, asesor\u00eda jur\u00eddica, venta de sociedades urgentes\",\"publisher\":{\"@id\":\"https:\/\/www.landac.com\/#organization\"},\"alternateName\":\"Lawyers and Accountants, asesor\u00eda internacional\",\"potentialAction\":[{\"@type\":\"SearchAction\",\"target\":{\"@type\":\"EntryPoint\",\"urlTemplate\":\"https:\/\/www.landac.com\/?s={search_term_string}\"},\"query-input\":{\"@type\":\"PropertyValueSpecification\",\"valueRequired\":true,\"valueName\":\"search_term_string\"}}],\"inLanguage\":\"fr-FR\"},{\"@type\":\"Organization\",\"@id\":\"https:\/\/www.landac.com\/#organization\",\"name\":\"Lawyers & Accountants\",\"alternateName\":\"Lawyers & Accountants\",\"url\":\"https:\/\/www.landac.com\/\",\"logo\":{\"@type\":\"ImageObject\",\"inLanguage\":\"fr-FR\",\"@id\":\"https:\/\/www.landac.com\/#\/schema\/logo\/image\/\",\"url\":\"https:\/\/www.landac.com\/wp-content\/uploads\/2020\/06\/gestoria-lowyers-and-accountants.jpg\",\"contentUrl\":\"https:\/\/www.landac.com\/wp-content\/uploads\/2020\/06\/gestoria-lowyers-and-accountants.jpg\",\"width\":992,\"height\":237,\"caption\":\"Lawyers & Accountants\"},\"image\":{\"@id\":\"https:\/\/www.landac.com\/#\/schema\/logo\/image\/\"},\"sameAs\":[\"https:\/\/www.facebook.com\/LawyersandAccountants\",\"https:\/\/x.com\/Landac_asesoria\",\"https:\/\/www.linkedin.com\/company\/lawyers-&amp;-accountants-asesor\u00eda-internacional\",\"https:\/\/www.youtube.com\/channel\/UC1otoKuvs5moN1C4XnzLLGg\"]}]}<\/script>\n<!-- \/ Yoast SEO plugin. -->","yoast_head_json":{"title":"Responsabilit\u00e9 soci\u00e9tale des entreprises | Lawyers &amp; Accountants","description":"Chez Lawyers and Accountants nous voulons aider \u00e0 produire des organisations saines, responsables et rentables Joignez-vous! (+34) 91 564 32 94","robots":{"index":"index","follow":"follow","max-snippet":"max-snippet:-1","max-image-preview":"max-image-preview:large","max-video-preview":"max-video-preview:-1"},"canonical":"https:\/\/www.landac.com\/fr\/responsabilite-societale-des-entreprises\/","og_locale":"fr_FR","og_type":"article","og_title":"Responsabilit\u00e9 soci\u00e9tale des entreprises | Lawyers &amp; Accountants","og_description":"Chez Lawyers and Accountants nous voulons aider \u00e0 produire des organisations saines, responsables et rentables Joignez-vous! (+34) 91 564 32 94","og_url":"https:\/\/www.landac.com\/fr\/responsabilite-societale-des-entreprises\/","og_site_name":"Lawyers &amp; Accountants","article_publisher":"https:\/\/www.facebook.com\/LawyersandAccountants","article_modified_time":"2021-01-25T10:29:01+00:00","og_image":[{"width":1280,"height":720,"url":"https:\/\/www.landac.com\/wp-content\/uploads\/2020\/09\/asesoria-internacional-lawyers-and-accountants-madrid.jpg","type":"image\/jpeg"}],"twitter_card":"summary_large_image","twitter_site":"@Landac_asesoria","twitter_misc":{"Dur\u00e9e de lecture estim\u00e9e":"1 minute"},"schema":{"@context":"https:\/\/schema.org","@graph":[{"@type":"WebPage","@id":"https:\/\/www.landac.com\/fr\/responsabilite-societale-des-entreprises\/","url":"https:\/\/www.landac.com\/fr\/responsabilite-societale-des-entreprises\/","name":"Responsabilit\u00e9 soci\u00e9tale des entreprises | Lawyers &amp; Accountants","isPartOf":{"@id":"https:\/\/www.landac.com\/#website"},"datePublished":"2021-01-15T16:09:30+00:00","dateModified":"2021-01-25T10:29:01+00:00","description":"Chez Lawyers and Accountants nous voulons aider \u00e0 produire des organisations saines, responsables et rentables Joignez-vous! (+34) 91 564 32 94","breadcrumb":{"@id":"https:\/\/www.landac.com\/fr\/responsabilite-societale-des-entreprises\/#breadcrumb"},"inLanguage":"fr-FR","potentialAction":[{"@type":"ReadAction","target":["https:\/\/www.landac.com\/fr\/responsabilite-societale-des-entreprises\/"]}]},{"@type":"BreadcrumbList","@id":"https:\/\/www.landac.com\/fr\/responsabilite-societale-des-entreprises\/#breadcrumb","itemListElement":[{"@type":"ListItem","position":1,"name":"Inicio","item":"https:\/\/www.landac.com\/fr\/"},{"@type":"ListItem","position":2,"name":"Responsabilit\u00e9 soci\u00e9tale des entreprises"}]},{"@type":"WebSite","@id":"https:\/\/www.landac.com\/#website","url":"https:\/\/www.landac.com\/","name":"Lawyers &amp; Accountants","description":"Asesor\u00eda Internacional. Especialistas en fisclidad, contabilidad, asesor\u00eda jur\u00eddica, venta de sociedades urgentes","publisher":{"@id":"https:\/\/www.landac.com\/#organization"},"alternateName":"Lawyers and Accountants, asesor\u00eda internacional","potentialAction":[{"@type":"SearchAction","target":{"@type":"EntryPoint","urlTemplate":"https:\/\/www.landac.com\/?s={search_term_string}"},"query-input":{"@type":"PropertyValueSpecification","valueRequired":true,"valueName":"search_term_string"}}],"inLanguage":"fr-FR"},{"@type":"Organization","@id":"https:\/\/www.landac.com\/#organization","name":"Lawyers & Accountants","alternateName":"Lawyers & Accountants","url":"https:\/\/www.landac.com\/","logo":{"@type":"ImageObject","inLanguage":"fr-FR","@id":"https:\/\/www.landac.com\/#\/schema\/logo\/image\/","url":"https:\/\/www.landac.com\/wp-content\/uploads\/2020\/06\/gestoria-lowyers-and-accountants.jpg","contentUrl":"https:\/\/www.landac.com\/wp-content\/uploads\/2020\/06\/gestoria-lowyers-and-accountants.jpg","width":992,"height":237,"caption":"Lawyers & Accountants"},"image":{"@id":"https:\/\/www.landac.com\/#\/schema\/logo\/image\/"},"sameAs":["https:\/\/www.facebook.com\/LawyersandAccountants","https:\/\/x.com\/Landac_asesoria","https:\/\/www.linkedin.com\/company\/lawyers-&amp;-accountants-asesor\u00eda-internacional","https:\/\/www.youtube.com\/channel\/UC1otoKuvs5moN1C4XnzLLGg"]}]}},"_links":{"self":[{"href":"https:\/\/www.landac.com\/fr\/wp-json\/wp\/v2\/pages\/5089"}],"collection":[{"href":"https:\/\/www.landac.com\/fr\/wp-json\/wp\/v2\/pages"}],"about":[{"href":"https:\/\/www.landac.com\/fr\/wp-json\/wp\/v2\/types\/page"}],"author":[{"embeddable":true,"href":"https:\/\/www.landac.com\/fr\/wp-json\/wp\/v2\/users\/1"}],"replies":[{"embeddable":true,"href":"https:\/\/www.landac.com\/fr\/wp-json\/wp\/v2\/comments?post=5089"}],"version-history":[{"count":3,"href":"https:\/\/www.landac.com\/fr\/wp-json\/wp\/v2\/pages\/5089\/revisions"}],"predecessor-version":[{"id":5097,"href":"https:\/\/www.landac.com\/fr\/wp-json\/wp\/v2\/pages\/5089\/revisions\/5097"}],"wp:attachment":[{"href":"https:\/\/www.landac.com\/fr\/wp-json\/wp\/v2\/media?parent=5089"}],"curies":[{"name":"wp","href":"https:\/\/api.w.org\/{rel}","templated":true}]}}