{"id":6231,"date":"2021-12-23T14:49:02","date_gmt":"2021-12-23T14:49:02","guid":{"rendered":"https:\/\/www.landac.com\/?page_id=6231"},"modified":"2021-12-23T14:53:00","modified_gmt":"2021-12-23T14:53:00","slug":"avis-de-confidentialite","status":"publish","type":"page","link":"https:\/\/www.landac.com\/fr\/avis-de-confidentialite\/","title":{"rendered":"Avis de confidentialit\u00e9"},"content":{"rendered":"\n<h3 class=\"wp-block-heading\">POLITIQUE DE CONFIDENTIALIT\u00c9<\/h3>\n\n\n\n<p>En application des dispositions de la loi organique 15\/1999, du 13 d\u00e9cembre, sur la protection des donn\u00e9es \u00e0 caract\u00e8re personnel (LOPD), du d\u00e9cret royal 1720\/2007, du 21 d\u00e9cembre, qui approuve le r\u00e8glement pour le d\u00e9veloppement de la LOPD (RLOPD), et de la loi 34\/2002, du 11 juillet, sur les services de la soci\u00e9t\u00e9 de l&rsquo;information et le commerce \u00e9lectronique (LSSICE), nous vous informons que LAWYERS AND ACCOUNTANTS S. L.U. (ci-apr\u00e8s d\u00e9nomm\u00e9e LANDAC), s&rsquo;engage \u00e0 respecter strictement la l\u00e9gislation espagnole en vigueur en mati\u00e8re de traitement des donn\u00e9es personnelles et de s\u00e9curit\u00e9 de l&rsquo;information afin de garantir \u00e0 ses utilisateurs que la collecte et le traitement des donn\u00e9es fournies sont effectu\u00e9s avec toutes les garanties de s\u00e9curit\u00e9. Avant de contacter LANDAC et de fournir des donn\u00e9es personnelles, vous devez lire cette \u00ab\u00a0Politique de confidentialit\u00e9\u00a0\u00bb et l&rsquo;accepter en cochant la case pr\u00e9vue dans les formulaires d&rsquo;inscription respectifs de LANDAC ou au moyen de la proc\u00e9dure \u00e9quivalente \u00e9tablie, le cas \u00e9ch\u00e9ant. Notre politique de confidentialit\u00e9 concerne \u00e0 la fois les informations personnelles que vous nous fournissez, ainsi que toutes les donn\u00e9es que vous nous fournissez lorsque vous acc\u00e9dez \u00e0 l&rsquo;un des services disponibles sur le site web.<\/p>\n\n\n\n<h3 class=\"wp-block-heading\">Protection des donn\u00e9es \u00e0 caract\u00e8re personnel<\/h3>\n\n\n\n<p>LANDAC informe ses utilisateurs de sa politique de protection des donn\u00e9es personnelles afin qu&rsquo;ils puissent d\u00e9terminer librement et volontairement s&rsquo;ils souhaitent fournir \u00e0 LANDAC les donn\u00e9es personnelles qui peuvent leur \u00eatre demand\u00e9es ou qui peuvent \u00eatre obtenues en raison des services et des fonctionnalit\u00e9s que nous mettons \u00e0 leur disposition.<\/p>\n\n\n\n<p>En tant que propri\u00e9taire du domaine \u00ab\u00a0www.landac.com\u00a0\u00bb, LANDAC informe les utilisateurs de son site web de ce qui suit :<\/p>\n\n\n\n<p>Les donn\u00e9es personnelles qui peuvent \u00eatre requises et fournies par vous \u00e0 travers ce portail web seront incluses dans les fichiers appartenant \u00e0 LANDAC, d\u00fbment inscrits au Registre G\u00e9n\u00e9ral de Protection des Donn\u00e9es de l&rsquo;Agence Espagnole de Protection des Donn\u00e9es. A cet \u00e9gard, LANDAC informe que dans la section \u00a0\u00bbContact\u00a0\u00bb son site web demande les donn\u00e9es personnelles suivantes : (nom et adresse e-mail), afin d&rsquo;identifier les utilisateurs du site web, et de g\u00e9rer les questions, pr\u00e9occupations ou demandes d&rsquo;information sur les services que la soci\u00e9t\u00e9 met \u00e0 la disposition du public. Dans la section \u00ab\u00a0Travaillez avec nous\u00a0\u00bb, l&rsquo;adresse \u00e9lectronique du d\u00e9partement des ressources humaines est fournie afin que les personnes int\u00e9ress\u00e9es \u00e0 rejoindre l&rsquo;entreprise puissent envoyer leur CV, dont les donn\u00e9es seront trait\u00e9es par le d\u00e9partement des ressources humaines pour de futurs processus de s\u00e9lection correspondant \u00e0 leur profil.<\/p>\n\n\n\n<p>LANDAC ne transmettra pas de donn\u00e9es personnelles \u00e0 des tiers, sauf si cela est n\u00e9cessaire pour la prestation du service demand\u00e9 par l&rsquo;utilisateur, et gardera les informations fournies dans la plus stricte confidentialit\u00e9. Les utilisateurs enregistr\u00e9s autorisent express\u00e9ment et sans \u00e9quivoque LANDAC \u00e0 envoyer, par des moyens traditionnels et \u00e9lectroniques, des informations sur les produits et services offerts par ou \u00e0 travers \u00ab\u00a0www.landac.com\u00a0\u00bb en rapport avec ses objectifs. De m\u00eame, conform\u00e9ment aux dispositions de la LSSICE, en cas d&rsquo;envoi de communications commerciales par courrier \u00e9lectronique, LANDAC inclura une adresse de courrier \u00e9lectronique (info@landac.com) o\u00f9 l&rsquo;utilisateur pourra \u00e0 tout moment exercer son droit d&rsquo;opposition, se d\u00e9sinscrire \u00e0 tout moment, et par cons\u00e9quent ne recevoir aucun type d&rsquo;information.<\/p>\n\n\n\n<p>LANDAC est soucieux de garantir la s\u00e9curit\u00e9 et la confidentialit\u00e9 de vos donn\u00e9es. C&rsquo;est pourquoi nous vous informons que nous avons adopt\u00e9 les niveaux de s\u00e9curit\u00e9 l\u00e9galement requis pour la protection des donn\u00e9es personnelles, ainsi que les mesures de s\u00e9curit\u00e9 et les moyens techniques n\u00e9cessaires pour \u00e9viter leur perte, leur mauvaise utilisation ou leur acc\u00e8s non autoris\u00e9. Toutefois, l&rsquo;utilisateur doit \u00eatre conscient que les mesures de s\u00e9curit\u00e9 sur Internet ne sont pas insurmontables. Certains services fournis sur le Web (www.landac.com) peuvent contenir des conditions particuli\u00e8res avec des dispositions sp\u00e9cifiques sur la protection des donn\u00e9es personnelles.<\/p>\n\n\n\n<p>Les utilisateurs du site web appartenant \u00e0 LANDAC pourront \u00e0 tout moment exercer leurs droits d&rsquo;acc\u00e8s, de rectification, d&rsquo;annulation et d&rsquo;opposition (A.R.C.O.) au moyen d&rsquo;une communication adress\u00e9e, dans les termes pr\u00e9vus \u00e0 l&rsquo;article 25.1 du RLOPD, \u00e0 LANDAC, dont l&rsquo;adresse est Paseo de la Castellana 90 1\u00b0, Code Postal 28046, Madrid (Espagne), ou en envoyant un courrier \u00e9lectronique \u00e0 : info@landac.com R\u00e9f. Protection des donn\u00e9es personnelles.<\/p>\n\n\n\n<h3 class=\"wp-block-heading\">Utilisation des cookies<\/h3>\n\n\n\n<p>Un cookie est un fichier texte qu&rsquo;un serveur web peut enregistrer sur le disque dur d&rsquo;un ordinateur pour stocker des informations sur l&rsquo;utilisateur, et qui ne peut \u00eatre lu que par le site web qui l&rsquo;a envoy\u00e9 \u00e0 l&rsquo;ordinateur. Il ne peut \u00eatre lu que par le site web qui l&rsquo;a envoy\u00e9 \u00e0 l&rsquo;ordinateur. Il peut \u00e9galement \u00eatre lu par tout dispositif de stockage et de r\u00e9cup\u00e9ration des donn\u00e9es sur l&rsquo;\u00e9quipement terminal du destinataire. LANDAC utilise des cookies pour acc\u00e9der \u00e0 des informations sur les utilisateurs du site Web, dont les d\u00e9tails et les informations sont clairement et pleinement d\u00e9velopp\u00e9s dans notre Politique de Cookies, conform\u00e9ment aux dispositions de l&rsquo;article 22.2 de la LSSICE, modifi\u00e9 par le D\u00e9cret-loi royal 13\/2012, du 30 mars, qui transpose en droit espagnol la directive 2002\/58\/CE sur le traitement des donn\u00e9es \u00e0 caract\u00e8re personnel et la protection de la vie priv\u00e9e dans le secteur des communications \u00e9lectroniques.<\/p>\n\n\n\n<h3 class=\"wp-block-heading\">Liens<\/h3>\n\n\n\n<p>Cette politique de confidentialit\u00e9 s&rsquo;applique uniquement au site web (www.landac.com). Elle n&rsquo;est pas garantie pour l&rsquo;acc\u00e8s par des liens vers ce site, ni pour les liens de ce site vers d&rsquo;autres sites web.<\/p>\n\n\n\n<h3 class=\"wp-block-heading\"><strong>Modificaci\u00f3n<\/strong><\/h3>\n\n\n\n<p>LANDAC pourra modifier cette politique de confidentialit\u00e9 afin de l&rsquo;adapter \u00e0 une nouvelle l\u00e9gislation ou jurisprudence ainsi qu&rsquo;aux futures bonnes pratiques. Dans ce cas, LANDAC annoncera sur cette page les changements introduits raisonnablement avant leur mise en \u0153uvre, et informera les utilisateurs de toute mise \u00e0 jour ou modification de cette politique de confidentialit\u00e9. Date de publication : 20 mai 2016<\/p>\n","protected":false},"excerpt":{"rendered":"<p>POLITIQUE DE CONFIDENTIALIT\u00c9 En application des dispositions de la loi organique 15\/1999, du 13 d\u00e9cembre, sur la protection des donn\u00e9es \u00e0 caract\u00e8re personnel (LOPD), du d\u00e9cret royal 1720\/2007, du 21 d\u00e9cembre, qui approuve le r\u00e8glement pour le d\u00e9veloppement de la LOPD (RLOPD), et de la loi 34\/2002, du 11 juillet, sur les services de la [&hellip;]<\/p>\n","protected":false},"author":5,"featured_media":0,"parent":0,"menu_order":0,"comment_status":"closed","ping_status":"closed","template":"page-legal.php","meta":{"_acf_changed":false,"footnotes":""},"acf":[],"yoast_head":"<!-- This site is optimized with the Yoast SEO plugin v23.5 - https:\/\/yoast.com\/wordpress\/plugins\/seo\/ -->\n<title>Avis de confidentialit\u00e9 | Lawyers &amp; Accountants<\/title>\n<meta name=\"description\" content=\"Avis de confidentialit\u00e9 pour les avocats et les comptables. Politique de confidentialit\u00e9 concernant le transfert de donn\u00e9es personnelles \u00e0 des tiers et la confidentialit\u00e9 maximale.\" \/>\n<meta name=\"robots\" content=\"index, follow, max-snippet:-1, max-image-preview:large, max-video-preview:-1\" \/>\n<link rel=\"canonical\" href=\"https:\/\/www.landac.com\/fr\/avis-de-confidentialite\/\" \/>\n<meta property=\"og:locale\" content=\"fr_FR\" \/>\n<meta property=\"og:type\" content=\"article\" \/>\n<meta property=\"og:title\" content=\"Avis de confidentialit\u00e9 | Lawyers &amp; Accountants\" \/>\n<meta property=\"og:description\" content=\"Avis de confidentialit\u00e9 pour les avocats et les comptables. Politique de confidentialit\u00e9 concernant le transfert de donn\u00e9es personnelles \u00e0 des tiers et la confidentialit\u00e9 maximale.\" \/>\n<meta property=\"og:url\" content=\"https:\/\/www.landac.com\/fr\/avis-de-confidentialite\/\" \/>\n<meta property=\"og:site_name\" content=\"Lawyers &amp; Accountants\" \/>\n<meta property=\"article:publisher\" content=\"https:\/\/www.facebook.com\/LawyersandAccountants\" \/>\n<meta property=\"article:modified_time\" content=\"2021-12-23T14:53:00+00:00\" \/>\n<meta property=\"og:image\" content=\"https:\/\/www.landac.com\/wp-content\/uploads\/2020\/09\/asesoria-internacional-lawyers-and-accountants-madrid.jpg\" \/>\n\t<meta property=\"og:image:width\" content=\"1280\" \/>\n\t<meta property=\"og:image:height\" content=\"720\" \/>\n\t<meta property=\"og:image:type\" content=\"image\/jpeg\" \/>\n<meta name=\"twitter:card\" content=\"summary_large_image\" \/>\n<meta name=\"twitter:site\" content=\"@Landac_asesoria\" \/>\n<meta name=\"twitter:label1\" content=\"Dur\u00e9e de lecture estim\u00e9e\" \/>\n\t<meta name=\"twitter:data1\" content=\"5 minutes\" \/>\n<script type=\"application\/ld+json\" class=\"yoast-schema-graph\">{\"@context\":\"https:\/\/schema.org\",\"@graph\":[{\"@type\":\"WebPage\",\"@id\":\"https:\/\/www.landac.com\/fr\/avis-de-confidentialite\/\",\"url\":\"https:\/\/www.landac.com\/fr\/avis-de-confidentialite\/\",\"name\":\"Avis de confidentialit\u00e9 | Lawyers &amp; Accountants\",\"isPartOf\":{\"@id\":\"https:\/\/www.landac.com\/#website\"},\"datePublished\":\"2021-12-23T14:49:02+00:00\",\"dateModified\":\"2021-12-23T14:53:00+00:00\",\"description\":\"Avis de confidentialit\u00e9 pour les avocats et les comptables. Politique de confidentialit\u00e9 concernant le transfert de donn\u00e9es personnelles \u00e0 des tiers et la confidentialit\u00e9 maximale.\",\"breadcrumb\":{\"@id\":\"https:\/\/www.landac.com\/fr\/avis-de-confidentialite\/#breadcrumb\"},\"inLanguage\":\"fr-FR\",\"potentialAction\":[{\"@type\":\"ReadAction\",\"target\":[\"https:\/\/www.landac.com\/fr\/avis-de-confidentialite\/\"]}]},{\"@type\":\"BreadcrumbList\",\"@id\":\"https:\/\/www.landac.com\/fr\/avis-de-confidentialite\/#breadcrumb\",\"itemListElement\":[{\"@type\":\"ListItem\",\"position\":1,\"name\":\"Inicio\",\"item\":\"https:\/\/www.landac.com\/fr\/\"},{\"@type\":\"ListItem\",\"position\":2,\"name\":\"Avis de confidentialit\u00e9\"}]},{\"@type\":\"WebSite\",\"@id\":\"https:\/\/www.landac.com\/#website\",\"url\":\"https:\/\/www.landac.com\/\",\"name\":\"Lawyers &amp; Accountants\",\"description\":\"Asesor\u00eda Internacional. Especialistas en fisclidad, contabilidad, asesor\u00eda jur\u00eddica, venta de sociedades urgentes\",\"publisher\":{\"@id\":\"https:\/\/www.landac.com\/#organization\"},\"alternateName\":\"Lawyers and Accountants, asesor\u00eda internacional\",\"potentialAction\":[{\"@type\":\"SearchAction\",\"target\":{\"@type\":\"EntryPoint\",\"urlTemplate\":\"https:\/\/www.landac.com\/?s={search_term_string}\"},\"query-input\":{\"@type\":\"PropertyValueSpecification\",\"valueRequired\":true,\"valueName\":\"search_term_string\"}}],\"inLanguage\":\"fr-FR\"},{\"@type\":\"Organization\",\"@id\":\"https:\/\/www.landac.com\/#organization\",\"name\":\"Lawyers & Accountants\",\"alternateName\":\"Lawyers & Accountants\",\"url\":\"https:\/\/www.landac.com\/\",\"logo\":{\"@type\":\"ImageObject\",\"inLanguage\":\"fr-FR\",\"@id\":\"https:\/\/www.landac.com\/#\/schema\/logo\/image\/\",\"url\":\"https:\/\/www.landac.com\/wp-content\/uploads\/2020\/06\/gestoria-lowyers-and-accountants.jpg\",\"contentUrl\":\"https:\/\/www.landac.com\/wp-content\/uploads\/2020\/06\/gestoria-lowyers-and-accountants.jpg\",\"width\":992,\"height\":237,\"caption\":\"Lawyers & Accountants\"},\"image\":{\"@id\":\"https:\/\/www.landac.com\/#\/schema\/logo\/image\/\"},\"sameAs\":[\"https:\/\/www.facebook.com\/LawyersandAccountants\",\"https:\/\/x.com\/Landac_asesoria\",\"https:\/\/www.linkedin.com\/company\/lawyers-&amp;-accountants-asesor\u00eda-internacional\",\"https:\/\/www.youtube.com\/channel\/UC1otoKuvs5moN1C4XnzLLGg\"]}]}<\/script>\n<!-- \/ Yoast SEO plugin. -->","yoast_head_json":{"title":"Avis de confidentialit\u00e9 | Lawyers &amp; Accountants","description":"Avis de confidentialit\u00e9 pour les avocats et les comptables. Politique de confidentialit\u00e9 concernant le transfert de donn\u00e9es personnelles \u00e0 des tiers et la confidentialit\u00e9 maximale.","robots":{"index":"index","follow":"follow","max-snippet":"max-snippet:-1","max-image-preview":"max-image-preview:large","max-video-preview":"max-video-preview:-1"},"canonical":"https:\/\/www.landac.com\/fr\/avis-de-confidentialite\/","og_locale":"fr_FR","og_type":"article","og_title":"Avis de confidentialit\u00e9 | Lawyers &amp; Accountants","og_description":"Avis de confidentialit\u00e9 pour les avocats et les comptables. Politique de confidentialit\u00e9 concernant le transfert de donn\u00e9es personnelles \u00e0 des tiers et la confidentialit\u00e9 maximale.","og_url":"https:\/\/www.landac.com\/fr\/avis-de-confidentialite\/","og_site_name":"Lawyers &amp; Accountants","article_publisher":"https:\/\/www.facebook.com\/LawyersandAccountants","article_modified_time":"2021-12-23T14:53:00+00:00","og_image":[{"width":1280,"height":720,"url":"https:\/\/www.landac.com\/wp-content\/uploads\/2020\/09\/asesoria-internacional-lawyers-and-accountants-madrid.jpg","type":"image\/jpeg"}],"twitter_card":"summary_large_image","twitter_site":"@Landac_asesoria","twitter_misc":{"Dur\u00e9e de lecture estim\u00e9e":"5 minutes"},"schema":{"@context":"https:\/\/schema.org","@graph":[{"@type":"WebPage","@id":"https:\/\/www.landac.com\/fr\/avis-de-confidentialite\/","url":"https:\/\/www.landac.com\/fr\/avis-de-confidentialite\/","name":"Avis de confidentialit\u00e9 | Lawyers &amp; Accountants","isPartOf":{"@id":"https:\/\/www.landac.com\/#website"},"datePublished":"2021-12-23T14:49:02+00:00","dateModified":"2021-12-23T14:53:00+00:00","description":"Avis de confidentialit\u00e9 pour les avocats et les comptables. Politique de confidentialit\u00e9 concernant le transfert de donn\u00e9es personnelles \u00e0 des tiers et la confidentialit\u00e9 maximale.","breadcrumb":{"@id":"https:\/\/www.landac.com\/fr\/avis-de-confidentialite\/#breadcrumb"},"inLanguage":"fr-FR","potentialAction":[{"@type":"ReadAction","target":["https:\/\/www.landac.com\/fr\/avis-de-confidentialite\/"]}]},{"@type":"BreadcrumbList","@id":"https:\/\/www.landac.com\/fr\/avis-de-confidentialite\/#breadcrumb","itemListElement":[{"@type":"ListItem","position":1,"name":"Inicio","item":"https:\/\/www.landac.com\/fr\/"},{"@type":"ListItem","position":2,"name":"Avis de confidentialit\u00e9"}]},{"@type":"WebSite","@id":"https:\/\/www.landac.com\/#website","url":"https:\/\/www.landac.com\/","name":"Lawyers &amp; Accountants","description":"Asesor\u00eda Internacional. Especialistas en fisclidad, contabilidad, asesor\u00eda jur\u00eddica, venta de sociedades urgentes","publisher":{"@id":"https:\/\/www.landac.com\/#organization"},"alternateName":"Lawyers and Accountants, asesor\u00eda internacional","potentialAction":[{"@type":"SearchAction","target":{"@type":"EntryPoint","urlTemplate":"https:\/\/www.landac.com\/?s={search_term_string}"},"query-input":{"@type":"PropertyValueSpecification","valueRequired":true,"valueName":"search_term_string"}}],"inLanguage":"fr-FR"},{"@type":"Organization","@id":"https:\/\/www.landac.com\/#organization","name":"Lawyers & Accountants","alternateName":"Lawyers & Accountants","url":"https:\/\/www.landac.com\/","logo":{"@type":"ImageObject","inLanguage":"fr-FR","@id":"https:\/\/www.landac.com\/#\/schema\/logo\/image\/","url":"https:\/\/www.landac.com\/wp-content\/uploads\/2020\/06\/gestoria-lowyers-and-accountants.jpg","contentUrl":"https:\/\/www.landac.com\/wp-content\/uploads\/2020\/06\/gestoria-lowyers-and-accountants.jpg","width":992,"height":237,"caption":"Lawyers & Accountants"},"image":{"@id":"https:\/\/www.landac.com\/#\/schema\/logo\/image\/"},"sameAs":["https:\/\/www.facebook.com\/LawyersandAccountants","https:\/\/x.com\/Landac_asesoria","https:\/\/www.linkedin.com\/company\/lawyers-&amp;-accountants-asesor\u00eda-internacional","https:\/\/www.youtube.com\/channel\/UC1otoKuvs5moN1C4XnzLLGg"]}]}},"_links":{"self":[{"href":"https:\/\/www.landac.com\/fr\/wp-json\/wp\/v2\/pages\/6231"}],"collection":[{"href":"https:\/\/www.landac.com\/fr\/wp-json\/wp\/v2\/pages"}],"about":[{"href":"https:\/\/www.landac.com\/fr\/wp-json\/wp\/v2\/types\/page"}],"author":[{"embeddable":true,"href":"https:\/\/www.landac.com\/fr\/wp-json\/wp\/v2\/users\/5"}],"replies":[{"embeddable":true,"href":"https:\/\/www.landac.com\/fr\/wp-json\/wp\/v2\/comments?post=6231"}],"version-history":[{"count":5,"href":"https:\/\/www.landac.com\/fr\/wp-json\/wp\/v2\/pages\/6231\/revisions"}],"predecessor-version":[{"id":6238,"href":"https:\/\/www.landac.com\/fr\/wp-json\/wp\/v2\/pages\/6231\/revisions\/6238"}],"wp:attachment":[{"href":"https:\/\/www.landac.com\/fr\/wp-json\/wp\/v2\/media?parent=6231"}],"curies":[{"name":"wp","href":"https:\/\/api.w.org\/{rel}","templated":true}]}}