{"id":6345,"date":"2021-12-24T08:14:16","date_gmt":"2021-12-24T08:14:16","guid":{"rendered":"https:\/\/www.landac.com\/?page_id=6345"},"modified":"2021-12-24T08:14:16","modified_gmt":"2021-12-24T08:14:16","slug":"responsabilita-sociale-dimpresa","status":"publish","type":"page","link":"https:\/\/www.landac.com\/it\/responsabilita-sociale-dimpresa\/","title":{"rendered":"Responsabilit\u00e0 sociale d&#8217;impresa"},"content":{"rendered":"\n<p>Noi di <strong>Lawyers &amp; Accountants<\/strong> (Landac) intendiamo la <strong>responsabilit\u00e0 sociale delle imprese<\/strong> (CSR) come un modello di gestione strategica incentrato sul miglioramento delle relazioni con le parti interessate (dipendenti, azionisti, fornitori, clienti, governi, concorrenti, tra gli altri).<\/p>\n\n\n\n<p>Gli assi strategici della RSI di Landac sono:<\/p>\n\n\n\n<ul><li>Orientamento verso il cliente esterno<\/li><li>Benessere del cliente interno (i nostri dipendenti)<\/li><li>Etica e professionalit\u00e0<\/li><li>Diversit\u00e0 e pari opportunit\u00e0<\/li><\/ul>\n\n\n\n<p>Questi assi strategici, insieme alla trasparenza e al dialogo con gli stakeholder, sono valori differenziali che hanno fatto di Lawyers and Accountants un posizionamento responsabile dell&#8217;organizzazione.<\/p>\n\n\n\n<p>In questo senso, abbiamo sviluppato varie attivit\u00e0 che promuovono la responsabilit\u00e0 sociale aziendale con i diversi stakeholder, tra cui:<\/p>\n\n\n\n<ul><li>Promuovere la diversit\u00e0 e le pari opportunit\u00e0<\/li><li>Offrire consulenza gratuita nelle nostre aree di competenza<\/li><li>Contribuire alle ONG<\/li><li>Lavorare con fornitori sensibili alla responsabilit\u00e0 aziendale<\/li><li>Fornire una consulenza responsabile ed efficiente ai nostri clienti<\/li><\/ul>\n\n\n\n<p>Noi di Avvocati e Commercialisti vogliamo contribuire a generare organizzazioni sane, responsabili e redditizie.<br>Unisciti a noi!<\/p>\n","protected":false},"excerpt":{"rendered":"<p>Noi di Lawyers &amp; Accountants (Landac) intendiamo la responsabilit\u00e0 sociale delle imprese (CSR) come un modello di gestione strategica incentrato sul miglioramento delle relazioni con le parti interessate (dipendenti, azionisti, fornitori, clienti, governi, concorrenti, tra gli altri). Gli assi strategici della RSI di Landac sono: Orientamento verso il cliente esterno Benessere del cliente interno (i [&hellip;]<\/p>\n","protected":false},"author":5,"featured_media":6037,"parent":0,"menu_order":0,"comment_status":"closed","ping_status":"closed","template":"","meta":{"_acf_changed":false,"footnotes":""},"acf":[],"yoast_head":"<!-- This site is optimized with the Yoast SEO plugin v23.5 - https:\/\/yoast.com\/wordpress\/plugins\/seo\/ -->\n<title>Responsabilit\u00e0 sociale d&#039;impresa | Lawyers &amp; Accountants<\/title>\n<meta name=\"robots\" content=\"index, follow, max-snippet:-1, max-image-preview:large, max-video-preview:-1\" \/>\n<link rel=\"canonical\" href=\"https:\/\/www.landac.com\/it\/responsabilita-sociale-dimpresa\/\" \/>\n<meta property=\"og:locale\" content=\"it_IT\" \/>\n<meta property=\"og:type\" content=\"article\" \/>\n<meta property=\"og:title\" content=\"Responsabilit\u00e0 sociale d&#039;impresa | Lawyers &amp; Accountants\" \/>\n<meta property=\"og:description\" content=\"Noi di Lawyers &amp; Accountants (Landac) intendiamo la responsabilit\u00e0 sociale delle imprese (CSR) come un modello di gestione strategica incentrato sul miglioramento delle relazioni con le parti interessate (dipendenti, azionisti, fornitori, clienti, governi, concorrenti, tra gli altri). Gli assi strategici della RSI di Landac sono: Orientamento verso il cliente esterno Benessere del cliente interno (i [&hellip;]\" \/>\n<meta property=\"og:url\" content=\"https:\/\/www.landac.com\/it\/responsabilita-sociale-dimpresa\/\" \/>\n<meta property=\"og:site_name\" content=\"Lawyers &amp; Accountants\" \/>\n<meta property=\"article:publisher\" content=\"https:\/\/www.facebook.com\/LawyersandAccountants\" \/>\n<meta property=\"og:image\" content=\"https:\/\/www.landac.com\/wp-content\/uploads\/2015\/12\/economic-and-financial-analysis-lawyers-and-accountants.jpg\" \/>\n\t<meta property=\"og:image:width\" content=\"2048\" \/>\n\t<meta property=\"og:image:height\" content=\"640\" \/>\n\t<meta property=\"og:image:type\" content=\"image\/jpeg\" \/>\n<meta name=\"twitter:card\" content=\"summary_large_image\" \/>\n<meta name=\"twitter:site\" content=\"@Landac_asesoria\" \/>\n<meta name=\"twitter:label1\" content=\"Tempo di lettura stimato\" \/>\n\t<meta name=\"twitter:data1\" content=\"1 minuto\" \/>\n<script type=\"application\/ld+json\" class=\"yoast-schema-graph\">{\"@context\":\"https:\/\/schema.org\",\"@graph\":[{\"@type\":\"WebPage\",\"@id\":\"https:\/\/www.landac.com\/it\/responsabilita-sociale-dimpresa\/\",\"url\":\"https:\/\/www.landac.com\/it\/responsabilita-sociale-dimpresa\/\",\"name\":\"Responsabilit\u00e0 sociale d'impresa | Lawyers &amp; Accountants\",\"isPartOf\":{\"@id\":\"https:\/\/www.landac.com\/#website\"},\"primaryImageOfPage\":{\"@id\":\"https:\/\/www.landac.com\/it\/responsabilita-sociale-dimpresa\/#primaryimage\"},\"image\":{\"@id\":\"https:\/\/www.landac.com\/it\/responsabilita-sociale-dimpresa\/#primaryimage\"},\"thumbnailUrl\":\"https:\/\/www.landac.com\/wp-content\/uploads\/2015\/12\/economic-and-financial-analysis-lawyers-and-accountants.jpg\",\"datePublished\":\"2021-12-24T08:14:16+00:00\",\"dateModified\":\"2021-12-24T08:14:16+00:00\",\"breadcrumb\":{\"@id\":\"https:\/\/www.landac.com\/it\/responsabilita-sociale-dimpresa\/#breadcrumb\"},\"inLanguage\":\"it-IT\",\"potentialAction\":[{\"@type\":\"ReadAction\",\"target\":[\"https:\/\/www.landac.com\/it\/responsabilita-sociale-dimpresa\/\"]}]},{\"@type\":\"ImageObject\",\"inLanguage\":\"it-IT\",\"@id\":\"https:\/\/www.landac.com\/it\/responsabilita-sociale-dimpresa\/#primaryimage\",\"url\":\"https:\/\/www.landac.com\/wp-content\/uploads\/2015\/12\/economic-and-financial-analysis-lawyers-and-accountants.jpg\",\"contentUrl\":\"https:\/\/www.landac.com\/wp-content\/uploads\/2015\/12\/economic-and-financial-analysis-lawyers-and-accountants.jpg\",\"width\":2048,\"height\":640,\"caption\":\"economic and financial analysis Lawyers and Accountants\"},{\"@type\":\"BreadcrumbList\",\"@id\":\"https:\/\/www.landac.com\/it\/responsabilita-sociale-dimpresa\/#breadcrumb\",\"itemListElement\":[{\"@type\":\"ListItem\",\"position\":1,\"name\":\"Inicio\",\"item\":\"https:\/\/www.landac.com\/it\/\"},{\"@type\":\"ListItem\",\"position\":2,\"name\":\"Responsabilit\u00e0 sociale d&#8217;impresa\"}]},{\"@type\":\"WebSite\",\"@id\":\"https:\/\/www.landac.com\/#website\",\"url\":\"https:\/\/www.landac.com\/\",\"name\":\"Lawyers &amp; Accountants\",\"description\":\"Lawyers and Accountants Consultor\u00eda internacional m\u00e1s de 25 a\u00f1os de experiencia solucionando problemas\",\"publisher\":{\"@id\":\"https:\/\/www.landac.com\/#organization\"},\"alternateName\":\"Lawyers and Accountants, asesor\u00eda internacional\",\"potentialAction\":[{\"@type\":\"SearchAction\",\"target\":{\"@type\":\"EntryPoint\",\"urlTemplate\":\"https:\/\/www.landac.com\/?s={search_term_string}\"},\"query-input\":{\"@type\":\"PropertyValueSpecification\",\"valueRequired\":true,\"valueName\":\"search_term_string\"}}],\"inLanguage\":\"it-IT\"},{\"@type\":\"Organization\",\"@id\":\"https:\/\/www.landac.com\/#organization\",\"name\":\"Lawyers & Accountants\",\"alternateName\":\"Lawyers & Accountants\",\"url\":\"https:\/\/www.landac.com\/\",\"logo\":{\"@type\":\"ImageObject\",\"inLanguage\":\"it-IT\",\"@id\":\"https:\/\/www.landac.com\/#\/schema\/logo\/image\/\",\"url\":\"https:\/\/www.landac.com\/wp-content\/uploads\/2020\/06\/gestoria-lowyers-and-accountants.jpg\",\"contentUrl\":\"https:\/\/www.landac.com\/wp-content\/uploads\/2020\/06\/gestoria-lowyers-and-accountants.jpg\",\"width\":992,\"height\":237,\"caption\":\"Lawyers & Accountants\"},\"image\":{\"@id\":\"https:\/\/www.landac.com\/#\/schema\/logo\/image\/\"},\"sameAs\":[\"https:\/\/www.facebook.com\/LawyersandAccountants\",\"https:\/\/x.com\/Landac_asesoria\",\"https:\/\/www.linkedin.com\/company\/lawyers-&amp;-accountants-asesor\u00eda-internacional\",\"https:\/\/www.youtube.com\/channel\/UC1otoKuvs5moN1C4XnzLLGg\"]}]}<\/script>\n<!-- \/ Yoast SEO plugin. -->","yoast_head_json":{"title":"Responsabilit\u00e0 sociale d'impresa | Lawyers &amp; Accountants","robots":{"index":"index","follow":"follow","max-snippet":"max-snippet:-1","max-image-preview":"max-image-preview:large","max-video-preview":"max-video-preview:-1"},"canonical":"https:\/\/www.landac.com\/it\/responsabilita-sociale-dimpresa\/","og_locale":"it_IT","og_type":"article","og_title":"Responsabilit\u00e0 sociale d'impresa | Lawyers &amp; Accountants","og_description":"Noi di Lawyers &amp; Accountants (Landac) intendiamo la responsabilit\u00e0 sociale delle imprese (CSR) come un modello di gestione strategica incentrato sul miglioramento delle relazioni con le parti interessate (dipendenti, azionisti, fornitori, clienti, governi, concorrenti, tra gli altri). Gli assi strategici della RSI di Landac sono: Orientamento verso il cliente esterno Benessere del cliente interno (i [&hellip;]","og_url":"https:\/\/www.landac.com\/it\/responsabilita-sociale-dimpresa\/","og_site_name":"Lawyers &amp; Accountants","article_publisher":"https:\/\/www.facebook.com\/LawyersandAccountants","og_image":[{"width":2048,"height":640,"url":"https:\/\/www.landac.com\/wp-content\/uploads\/2015\/12\/economic-and-financial-analysis-lawyers-and-accountants.jpg","type":"image\/jpeg"}],"twitter_card":"summary_large_image","twitter_site":"@Landac_asesoria","twitter_misc":{"Tempo di lettura stimato":"1 minuto"},"schema":{"@context":"https:\/\/schema.org","@graph":[{"@type":"WebPage","@id":"https:\/\/www.landac.com\/it\/responsabilita-sociale-dimpresa\/","url":"https:\/\/www.landac.com\/it\/responsabilita-sociale-dimpresa\/","name":"Responsabilit\u00e0 sociale d'impresa | Lawyers &amp; Accountants","isPartOf":{"@id":"https:\/\/www.landac.com\/#website"},"primaryImageOfPage":{"@id":"https:\/\/www.landac.com\/it\/responsabilita-sociale-dimpresa\/#primaryimage"},"image":{"@id":"https:\/\/www.landac.com\/it\/responsabilita-sociale-dimpresa\/#primaryimage"},"thumbnailUrl":"https:\/\/www.landac.com\/wp-content\/uploads\/2015\/12\/economic-and-financial-analysis-lawyers-and-accountants.jpg","datePublished":"2021-12-24T08:14:16+00:00","dateModified":"2021-12-24T08:14:16+00:00","breadcrumb":{"@id":"https:\/\/www.landac.com\/it\/responsabilita-sociale-dimpresa\/#breadcrumb"},"inLanguage":"it-IT","potentialAction":[{"@type":"ReadAction","target":["https:\/\/www.landac.com\/it\/responsabilita-sociale-dimpresa\/"]}]},{"@type":"ImageObject","inLanguage":"it-IT","@id":"https:\/\/www.landac.com\/it\/responsabilita-sociale-dimpresa\/#primaryimage","url":"https:\/\/www.landac.com\/wp-content\/uploads\/2015\/12\/economic-and-financial-analysis-lawyers-and-accountants.jpg","contentUrl":"https:\/\/www.landac.com\/wp-content\/uploads\/2015\/12\/economic-and-financial-analysis-lawyers-and-accountants.jpg","width":2048,"height":640,"caption":"economic and financial analysis Lawyers and Accountants"},{"@type":"BreadcrumbList","@id":"https:\/\/www.landac.com\/it\/responsabilita-sociale-dimpresa\/#breadcrumb","itemListElement":[{"@type":"ListItem","position":1,"name":"Inicio","item":"https:\/\/www.landac.com\/it\/"},{"@type":"ListItem","position":2,"name":"Responsabilit\u00e0 sociale d&#8217;impresa"}]},{"@type":"WebSite","@id":"https:\/\/www.landac.com\/#website","url":"https:\/\/www.landac.com\/","name":"Lawyers &amp; Accountants","description":"Lawyers and Accountants Consultor\u00eda internacional m\u00e1s de 25 a\u00f1os de experiencia solucionando problemas","publisher":{"@id":"https:\/\/www.landac.com\/#organization"},"alternateName":"Lawyers and Accountants, asesor\u00eda internacional","potentialAction":[{"@type":"SearchAction","target":{"@type":"EntryPoint","urlTemplate":"https:\/\/www.landac.com\/?s={search_term_string}"},"query-input":{"@type":"PropertyValueSpecification","valueRequired":true,"valueName":"search_term_string"}}],"inLanguage":"it-IT"},{"@type":"Organization","@id":"https:\/\/www.landac.com\/#organization","name":"Lawyers & Accountants","alternateName":"Lawyers & Accountants","url":"https:\/\/www.landac.com\/","logo":{"@type":"ImageObject","inLanguage":"it-IT","@id":"https:\/\/www.landac.com\/#\/schema\/logo\/image\/","url":"https:\/\/www.landac.com\/wp-content\/uploads\/2020\/06\/gestoria-lowyers-and-accountants.jpg","contentUrl":"https:\/\/www.landac.com\/wp-content\/uploads\/2020\/06\/gestoria-lowyers-and-accountants.jpg","width":992,"height":237,"caption":"Lawyers & Accountants"},"image":{"@id":"https:\/\/www.landac.com\/#\/schema\/logo\/image\/"},"sameAs":["https:\/\/www.facebook.com\/LawyersandAccountants","https:\/\/x.com\/Landac_asesoria","https:\/\/www.linkedin.com\/company\/lawyers-&amp;-accountants-asesor\u00eda-internacional","https:\/\/www.youtube.com\/channel\/UC1otoKuvs5moN1C4XnzLLGg"]}]}},"_links":{"self":[{"href":"https:\/\/www.landac.com\/it\/wp-json\/wp\/v2\/pages\/6345"}],"collection":[{"href":"https:\/\/www.landac.com\/it\/wp-json\/wp\/v2\/pages"}],"about":[{"href":"https:\/\/www.landac.com\/it\/wp-json\/wp\/v2\/types\/page"}],"author":[{"embeddable":true,"href":"https:\/\/www.landac.com\/it\/wp-json\/wp\/v2\/users\/5"}],"replies":[{"embeddable":true,"href":"https:\/\/www.landac.com\/it\/wp-json\/wp\/v2\/comments?post=6345"}],"version-history":[{"count":2,"href":"https:\/\/www.landac.com\/it\/wp-json\/wp\/v2\/pages\/6345\/revisions"}],"predecessor-version":[{"id":6347,"href":"https:\/\/www.landac.com\/it\/wp-json\/wp\/v2\/pages\/6345\/revisions\/6347"}],"wp:featuredmedia":[{"embeddable":true,"href":"https:\/\/www.landac.com\/it\/wp-json\/wp\/v2\/media\/6037"}],"wp:attachment":[{"href":"https:\/\/www.landac.com\/it\/wp-json\/wp\/v2\/media?parent=6345"}],"curies":[{"name":"wp","href":"https:\/\/api.w.org\/{rel}","templated":true}]}}