{"id":6384,"date":"2021-12-26T16:31:48","date_gmt":"2021-12-26T16:31:48","guid":{"rendered":"https:\/\/www.landac.com\/?page_id=6384"},"modified":"2021-12-26T16:32:26","modified_gmt":"2021-12-26T16:32:26","slug":"avviso-legale-lawyers-and-accountants","status":"publish","type":"page","link":"https:\/\/www.landac.com\/it\/avviso-legale-lawyers-and-accountants\/","title":{"rendered":"Avviso legale"},"content":{"rendered":"","protected":false},"excerpt":{"rendered":"","protected":false},"author":5,"featured_media":0,"parent":0,"menu_order":0,"comment_status":"closed","ping_status":"closed","template":"page-legal.php","meta":{"_acf_changed":false,"footnotes":""},"acf":[],"yoast_head":"<!-- This site is optimized with the Yoast SEO plugin v23.5 - https:\/\/yoast.com\/wordpress\/plugins\/seo\/ -->\n<title>Avviso legale | Lawyers &amp; Accountants<\/title>\n<meta name=\"description\" content=\"La finalit\u00e0 dell&#039;Avviso Legale \u00e8 quella di regolare le condizioni generali di accesso, navigazione e utilizzo del portale web di propriet\u00e0 di Avvocati e Commercialisti, S.L.U.\" \/>\n<meta name=\"robots\" content=\"index, follow, max-snippet:-1, max-image-preview:large, max-video-preview:-1\" \/>\n<link rel=\"canonical\" href=\"https:\/\/www.landac.com\/it\/avviso-legale-lawyers-and-accountants\/\" \/>\n<meta property=\"og:locale\" content=\"it_IT\" \/>\n<meta property=\"og:type\" content=\"article\" \/>\n<meta property=\"og:title\" content=\"Avviso legale | Lawyers &amp; Accountants\" \/>\n<meta property=\"og:description\" content=\"La finalit\u00e0 dell&#039;Avviso Legale \u00e8 quella di regolare le condizioni generali di accesso, navigazione e utilizzo del portale web di propriet\u00e0 di Avvocati e Commercialisti, S.L.U.\" \/>\n<meta property=\"og:url\" content=\"https:\/\/www.landac.com\/it\/avviso-legale-lawyers-and-accountants\/\" \/>\n<meta property=\"og:site_name\" content=\"Lawyers &amp; Accountants\" \/>\n<meta property=\"article:publisher\" content=\"https:\/\/www.facebook.com\/LawyersandAccountants\" \/>\n<meta property=\"article:modified_time\" content=\"2021-12-26T16:32:26+00:00\" \/>\n<meta property=\"og:image\" content=\"https:\/\/www.landac.com\/wp-content\/uploads\/2020\/09\/asesoria-internacional-lawyers-and-accountants-madrid.jpg\" \/>\n\t<meta property=\"og:image:width\" content=\"1280\" \/>\n\t<meta property=\"og:image:height\" content=\"720\" \/>\n\t<meta property=\"og:image:type\" content=\"image\/jpeg\" \/>\n<meta name=\"twitter:card\" content=\"summary_large_image\" \/>\n<meta name=\"twitter:site\" content=\"@Landac_asesoria\" \/>\n<script type=\"application\/ld+json\" class=\"yoast-schema-graph\">{\"@context\":\"https:\/\/schema.org\",\"@graph\":[{\"@type\":\"WebPage\",\"@id\":\"https:\/\/www.landac.com\/it\/avviso-legale-lawyers-and-accountants\/\",\"url\":\"https:\/\/www.landac.com\/it\/avviso-legale-lawyers-and-accountants\/\",\"name\":\"Avviso legale | Lawyers &amp; Accountants\",\"isPartOf\":{\"@id\":\"https:\/\/www.landac.com\/#website\"},\"datePublished\":\"2021-12-26T16:31:48+00:00\",\"dateModified\":\"2021-12-26T16:32:26+00:00\",\"description\":\"La finalit\u00e0 dell'Avviso Legale \u00e8 quella di regolare le condizioni generali di accesso, navigazione e utilizzo del portale web di propriet\u00e0 di Avvocati e Commercialisti, S.L.U.\",\"breadcrumb\":{\"@id\":\"https:\/\/www.landac.com\/it\/avviso-legale-lawyers-and-accountants\/#breadcrumb\"},\"inLanguage\":\"it-IT\",\"potentialAction\":[{\"@type\":\"ReadAction\",\"target\":[\"https:\/\/www.landac.com\/it\/avviso-legale-lawyers-and-accountants\/\"]}]},{\"@type\":\"BreadcrumbList\",\"@id\":\"https:\/\/www.landac.com\/it\/avviso-legale-lawyers-and-accountants\/#breadcrumb\",\"itemListElement\":[{\"@type\":\"ListItem\",\"position\":1,\"name\":\"Inicio\",\"item\":\"https:\/\/www.landac.com\/it\/\"},{\"@type\":\"ListItem\",\"position\":2,\"name\":\"Avviso legale\"}]},{\"@type\":\"WebSite\",\"@id\":\"https:\/\/www.landac.com\/#website\",\"url\":\"https:\/\/www.landac.com\/\",\"name\":\"Lawyers &amp; Accountants\",\"description\":\"Lawyers and Accountants Consultor\u00eda internacional m\u00e1s de 25 a\u00f1os de experiencia solucionando problemas\",\"publisher\":{\"@id\":\"https:\/\/www.landac.com\/#organization\"},\"alternateName\":\"Lawyers and Accountants, asesor\u00eda internacional\",\"potentialAction\":[{\"@type\":\"SearchAction\",\"target\":{\"@type\":\"EntryPoint\",\"urlTemplate\":\"https:\/\/www.landac.com\/?s={search_term_string}\"},\"query-input\":{\"@type\":\"PropertyValueSpecification\",\"valueRequired\":true,\"valueName\":\"search_term_string\"}}],\"inLanguage\":\"it-IT\"},{\"@type\":\"Organization\",\"@id\":\"https:\/\/www.landac.com\/#organization\",\"name\":\"Lawyers & Accountants\",\"alternateName\":\"Lawyers & Accountants\",\"url\":\"https:\/\/www.landac.com\/\",\"logo\":{\"@type\":\"ImageObject\",\"inLanguage\":\"it-IT\",\"@id\":\"https:\/\/www.landac.com\/#\/schema\/logo\/image\/\",\"url\":\"https:\/\/www.landac.com\/wp-content\/uploads\/2020\/06\/gestoria-lowyers-and-accountants.jpg\",\"contentUrl\":\"https:\/\/www.landac.com\/wp-content\/uploads\/2020\/06\/gestoria-lowyers-and-accountants.jpg\",\"width\":992,\"height\":237,\"caption\":\"Lawyers & Accountants\"},\"image\":{\"@id\":\"https:\/\/www.landac.com\/#\/schema\/logo\/image\/\"},\"sameAs\":[\"https:\/\/www.facebook.com\/LawyersandAccountants\",\"https:\/\/x.com\/Landac_asesoria\",\"https:\/\/www.linkedin.com\/company\/lawyers-&amp;-accountants-asesor\u00eda-internacional\",\"https:\/\/www.youtube.com\/channel\/UC1otoKuvs5moN1C4XnzLLGg\"]}]}<\/script>\n<!-- \/ Yoast SEO plugin. -->","yoast_head_json":{"title":"Avviso legale | Lawyers &amp; Accountants","description":"La finalit\u00e0 dell'Avviso Legale \u00e8 quella di regolare le condizioni generali di accesso, navigazione e utilizzo del portale web di propriet\u00e0 di Avvocati e Commercialisti, S.L.U.","robots":{"index":"index","follow":"follow","max-snippet":"max-snippet:-1","max-image-preview":"max-image-preview:large","max-video-preview":"max-video-preview:-1"},"canonical":"https:\/\/www.landac.com\/it\/avviso-legale-lawyers-and-accountants\/","og_locale":"it_IT","og_type":"article","og_title":"Avviso legale | Lawyers &amp; Accountants","og_description":"La finalit\u00e0 dell'Avviso Legale \u00e8 quella di regolare le condizioni generali di accesso, navigazione e utilizzo del portale web di propriet\u00e0 di Avvocati e Commercialisti, S.L.U.","og_url":"https:\/\/www.landac.com\/it\/avviso-legale-lawyers-and-accountants\/","og_site_name":"Lawyers &amp; Accountants","article_publisher":"https:\/\/www.facebook.com\/LawyersandAccountants","article_modified_time":"2021-12-26T16:32:26+00:00","og_image":[{"width":1280,"height":720,"url":"https:\/\/www.landac.com\/wp-content\/uploads\/2020\/09\/asesoria-internacional-lawyers-and-accountants-madrid.jpg","type":"image\/jpeg"}],"twitter_card":"summary_large_image","twitter_site":"@Landac_asesoria","schema":{"@context":"https:\/\/schema.org","@graph":[{"@type":"WebPage","@id":"https:\/\/www.landac.com\/it\/avviso-legale-lawyers-and-accountants\/","url":"https:\/\/www.landac.com\/it\/avviso-legale-lawyers-and-accountants\/","name":"Avviso legale | Lawyers &amp; Accountants","isPartOf":{"@id":"https:\/\/www.landac.com\/#website"},"datePublished":"2021-12-26T16:31:48+00:00","dateModified":"2021-12-26T16:32:26+00:00","description":"La finalit\u00e0 dell'Avviso Legale \u00e8 quella di regolare le condizioni generali di accesso, navigazione e utilizzo del portale web di propriet\u00e0 di Avvocati e Commercialisti, S.L.U.","breadcrumb":{"@id":"https:\/\/www.landac.com\/it\/avviso-legale-lawyers-and-accountants\/#breadcrumb"},"inLanguage":"it-IT","potentialAction":[{"@type":"ReadAction","target":["https:\/\/www.landac.com\/it\/avviso-legale-lawyers-and-accountants\/"]}]},{"@type":"BreadcrumbList","@id":"https:\/\/www.landac.com\/it\/avviso-legale-lawyers-and-accountants\/#breadcrumb","itemListElement":[{"@type":"ListItem","position":1,"name":"Inicio","item":"https:\/\/www.landac.com\/it\/"},{"@type":"ListItem","position":2,"name":"Avviso legale"}]},{"@type":"WebSite","@id":"https:\/\/www.landac.com\/#website","url":"https:\/\/www.landac.com\/","name":"Lawyers &amp; Accountants","description":"Lawyers and Accountants Consultor\u00eda internacional m\u00e1s de 25 a\u00f1os de experiencia solucionando problemas","publisher":{"@id":"https:\/\/www.landac.com\/#organization"},"alternateName":"Lawyers and Accountants, asesor\u00eda internacional","potentialAction":[{"@type":"SearchAction","target":{"@type":"EntryPoint","urlTemplate":"https:\/\/www.landac.com\/?s={search_term_string}"},"query-input":{"@type":"PropertyValueSpecification","valueRequired":true,"valueName":"search_term_string"}}],"inLanguage":"it-IT"},{"@type":"Organization","@id":"https:\/\/www.landac.com\/#organization","name":"Lawyers & Accountants","alternateName":"Lawyers & Accountants","url":"https:\/\/www.landac.com\/","logo":{"@type":"ImageObject","inLanguage":"it-IT","@id":"https:\/\/www.landac.com\/#\/schema\/logo\/image\/","url":"https:\/\/www.landac.com\/wp-content\/uploads\/2020\/06\/gestoria-lowyers-and-accountants.jpg","contentUrl":"https:\/\/www.landac.com\/wp-content\/uploads\/2020\/06\/gestoria-lowyers-and-accountants.jpg","width":992,"height":237,"caption":"Lawyers & Accountants"},"image":{"@id":"https:\/\/www.landac.com\/#\/schema\/logo\/image\/"},"sameAs":["https:\/\/www.facebook.com\/LawyersandAccountants","https:\/\/x.com\/Landac_asesoria","https:\/\/www.linkedin.com\/company\/lawyers-&amp;-accountants-asesor\u00eda-internacional","https:\/\/www.youtube.com\/channel\/UC1otoKuvs5moN1C4XnzLLGg"]}]}},"_links":{"self":[{"href":"https:\/\/www.landac.com\/it\/wp-json\/wp\/v2\/pages\/6384"}],"collection":[{"href":"https:\/\/www.landac.com\/it\/wp-json\/wp\/v2\/pages"}],"about":[{"href":"https:\/\/www.landac.com\/it\/wp-json\/wp\/v2\/types\/page"}],"author":[{"embeddable":true,"href":"https:\/\/www.landac.com\/it\/wp-json\/wp\/v2\/users\/5"}],"replies":[{"embeddable":true,"href":"https:\/\/www.landac.com\/it\/wp-json\/wp\/v2\/comments?post=6384"}],"version-history":[{"count":3,"href":"https:\/\/www.landac.com\/it\/wp-json\/wp\/v2\/pages\/6384\/revisions"}],"predecessor-version":[{"id":6387,"href":"https:\/\/www.landac.com\/it\/wp-json\/wp\/v2\/pages\/6384\/revisions\/6387"}],"wp:attachment":[{"href":"https:\/\/www.landac.com\/it\/wp-json\/wp\/v2\/media?parent=6384"}],"curies":[{"name":"wp","href":"https:\/\/api.w.org\/{rel}","templated":true}]}}